{"id":889,"date":"2016-04-20T08:24:26","date_gmt":"2016-04-20T08:24:26","guid":{"rendered":"http:\/\/kuenstlerbunt-multicolor.com\/?page_id=889"},"modified":"2024-11-25T21:08:21","modified_gmt":"2024-11-25T21:08:21","slug":"shari-lena-schauberer","status":"publish","type":"page","link":"https:\/\/kuenstlerbunt-multicolor.com\/?page_id=889","title":{"rendered":"Sabine Schlemmer"},"content":{"rendered":"\n<p>Gastk\u00fcnstlerin<\/p>\n\n\n<p>Hattingen<a href=\"https:\/\/kuenstlerbunt-multicolor.com\/?attachment_id=1113\" rel=\"attachment wp-att-1113\"><img loading=\"lazy\" decoding=\"async\" class=\"alignright size-medium wp-image-1113\" src=\"https:\/\/kuenstlerbunt-multicolor.com\/wp-content\/uploads\/2016\/04\/Schlemmer_2-300x202.jpg\" alt=\"Schlemmer_2\" width=\"300\" height=\"202\" srcset=\"https:\/\/kuenstlerbunt-multicolor.com\/wp-content\/uploads\/2016\/04\/Schlemmer_2-300x202.jpg 300w, https:\/\/kuenstlerbunt-multicolor.com\/wp-content\/uploads\/2016\/04\/Schlemmer_2.jpg 640w\" sizes=\"auto, (max-width: 300px) 100vw, 300px\" \/><\/a><\/p>\n<p>Geboren 1956 in Wuppertal und dort aufgewachsen.<br>Lebt und arbeitete seit 1989 drei\u00dfig Jahre in Sprockh\u00f6vel.<\/p>\n<p>K\u00fcnstlerische F\u00f6rderung durch die K\u00fcnstlerinnen Adelheid Horschik, Dorothee von Mutius und Eckart Wendler. Kunstp\u00e4dagogisches und geografisches Studium und Examen in M\u00fcnster.<\/p>\n<p>Lebt in Hattingen.<\/p>\n<ul>\n<li>Schwerpunkte: Druckgrafik, Fotografie, Malerei, Collage<\/li>\n<li>Staatsexamen bei Prof. Kuno Gonschior, Berlin u. Bochum<\/li>\n<li>Seit 1982 Ausstellungsbeteiligungen u. Einzelausstellungen.<\/li>\n<li>Seit 1984 Mutter einer Tochter, seit 2014 Gro\u00dfmutter<\/li>\n<li>Seit 1992 Lyrik in Korrespondenz mit Malerei,&nbsp; Aquarell, Acryl, Mischtechnik.<\/li>\n<li>Ver\u00f6ffentlichungen in Anthologien; Lesungen mit Musik<\/li>\n<li>2015 gemeinsam mit G. Bertels, K. Hater, M. Moog: Aufbruch, Begeisterung, Engagement \u2013 Die Anf\u00e4nge der Themenzentrierten Interaktion in Deutschland<\/li>\n<li>2016 \u201aJahresringe\u2019 \u2013 Bilder und Gedichte im Jahreslauf<\/li>\n<\/ul>\n<p>Seit vielen Jahren auf dem Weg zu ganzheitlichem k\u00fcnstlerischem Ausdruck.<a href=\"https:\/\/kuenstlerbunt-multicolor.com\/?attachment_id=1112\" rel=\"attachment wp-att-1112\"><img loading=\"lazy\" decoding=\"async\" class=\"size-medium wp-image-1112 aligncenter\" src=\"https:\/\/kuenstlerbunt-multicolor.com\/wp-content\/uploads\/2016\/04\/Schlemmer_1-300x212.jpg\" alt=\"Schlemmer_1\" width=\"300\" height=\"212\" srcset=\"https:\/\/kuenstlerbunt-multicolor.com\/wp-content\/uploads\/2016\/04\/Schlemmer_1-300x212.jpg 300w, https:\/\/kuenstlerbunt-multicolor.com\/wp-content\/uploads\/2016\/04\/Schlemmer_1.jpg 448w\" sizes=\"auto, (max-width: 300px) 100vw, 300px\" \/><\/a><\/p>\n<p><strong><a href=\"http:\/\/www.sabineschlemmer.de\/\">www.sabineschlemmer.de<\/a><br><\/strong><\/p>\n<p>&nbsp;<\/p>\n<p>&nbsp;<\/p>","protected":false},"excerpt":{"rendered":"<p>Gastk\u00fcnstlerin Hattingen Geboren 1956 in Wuppertal und dort aufgewachsen.Lebt und arbeitete seit 1989 drei\u00dfig Jahre in Sprockh\u00f6vel. K\u00fcnstlerische F\u00f6rderung durch die K\u00fcnstlerinnen Adelheid Horschik, Dorothee von Mutius und Eckart Wendler. Kunstp\u00e4dagogisches und geografisches Studium und Examen in M\u00fcnster. Lebt in Hattingen. Schwerpunkte: Druckgrafik, Fotografie, Malerei, Collage Staatsexamen bei Prof. Kuno Gonschior, Berlin u. Bochum Seit &hellip; <a href=\"https:\/\/kuenstlerbunt-multicolor.com\/?page_id=889\" class=\"more-link\"><span class=\"screen-reader-text\">Sabine Schlemmer<\/span> weiterlesen <span class=\"meta-nav\">&rarr;<\/span><\/a><\/p>\n","protected":false},"author":1,"featured_media":0,"parent":0,"menu_order":0,"comment_status":"closed","ping_status":"closed","template":"","meta":{"ngg_post_thumbnail":0,"footnotes":""},"class_list":["post-889","page","type-page","status-publish","hentry"],"_links":{"self":[{"href":"https:\/\/kuenstlerbunt-multicolor.com\/index.php?rest_route=\/wp\/v2\/pages\/889","targetHints":{"allow":["GET"]}}],"collection":[{"href":"https:\/\/kuenstlerbunt-multicolor.com\/index.php?rest_route=\/wp\/v2\/pages"}],"about":[{"href":"https:\/\/kuenstlerbunt-multicolor.com\/index.php?rest_route=\/wp\/v2\/types\/page"}],"author":[{"embeddable":true,"href":"https:\/\/kuenstlerbunt-multicolor.com\/index.php?rest_route=\/wp\/v2\/users\/1"}],"replies":[{"embeddable":true,"href":"https:\/\/kuenstlerbunt-multicolor.com\/index.php?rest_route=%2Fwp%2Fv2%2Fcomments&post=889"}],"version-history":[{"count":11,"href":"https:\/\/kuenstlerbunt-multicolor.com\/index.php?rest_route=\/wp\/v2\/pages\/889\/revisions"}],"predecessor-version":[{"id":1967,"href":"https:\/\/kuenstlerbunt-multicolor.com\/index.php?rest_route=\/wp\/v2\/pages\/889\/revisions\/1967"}],"wp:attachment":[{"href":"https:\/\/kuenstlerbunt-multicolor.com\/index.php?rest_route=%2Fwp%2Fv2%2Fmedia&parent=889"}],"curies":[{"name":"wp","href":"https:\/\/api.w.org\/{rel}","templated":true}]}}