{"id":8,"date":"2013-11-22T17:23:33","date_gmt":"2013-11-22T17:23:33","guid":{"rendered":"http:\/\/kuenstlerbunt-multicolor.com\/?page_id=8"},"modified":"2026-03-01T19:42:57","modified_gmt":"2026-03-01T19:42:57","slug":"startseite","status":"publish","type":"page","link":"https:\/\/kuenstlerbunt-multicolor.com\/?page_id=8","title":{"rendered":"\u00dcber uns"},"content":{"rendered":"<p><a href=\"https:\/\/kuenstlerbunt-multicolor.com\/wp-content\/uploads\/2013\/11\/SANY2634.jpg\"><img loading=\"lazy\" decoding=\"async\" class=\"size-medium wp-image-149 alignleft\" title=\"Enth\u00fcllung &quot;Zwei unter einem Hut&quot; 2011\" src=\"https:\/\/kuenstlerbunt-multicolor.com\/wp-content\/uploads\/2013\/11\/SANY2634-300x225.jpg\" alt=\"zwei unter einem hut \" width=\"300\" height=\"225\" srcset=\"https:\/\/kuenstlerbunt-multicolor.com\/wp-content\/uploads\/2013\/11\/SANY2634-300x225.jpg 300w, https:\/\/kuenstlerbunt-multicolor.com\/wp-content\/uploads\/2013\/11\/SANY2634.jpg 333w\" sizes=\"auto, (max-width: 300px) 100vw, 300px\" \/><\/a>K\u00fcnstlerBunt MultiColor ist ein Zusammenschluss von bildenden K\u00fcnstlerinnen und K\u00fcnstlern in Hattingen und Umgebung, die gemeinsam arbeiten, ihr Wissen teilen und Ausstellungen in Hattingen vorbereiten und durchf\u00fchren.<br \/>\nLiebstes Ausstellungsgel\u00e4nde ist das LWL Industriemuseum Henrichsh\u00fctte Hattingen, aber auch andere spannende Orte ziehen die K\u00fcnstlerinnen und K\u00fcnstler f\u00fcr Projekte in ihren Bann!<\/p>\n<p>Seit 1997 besteht unsere K\u00fcnstlergruppe &#8211; mit zur Zeit 20 aktiven&nbsp; Mitgliedern. Ausgangspunkt war eine gemeinsame Ausstellung zum Thema &#8222;Hattinger K\u00fcnstler sehen ihre Stadt&#8220; im Hattinger Jubil\u00e4umsjahr 1996.<br \/>\nIn den vergangenen Jahren haben wir an&nbsp; Kunstaktionen in verschiedenen Orten unserer Region teilgenommen. Im Jahr 2017 konnten wir stolz unsere Jubil\u00e4umsausstellung \u201e20\u201c im neu er\u00f6ffneten Gebl\u00e4sehaus des LWL pr\u00e4sentieren. Hier haben unsere Wurzeln vor 20 Jahren Fu\u00df gefasst und zum ersten Mal waren wir in dieser v\u00f6llig neu gestalteten Umgebung auf zwei Ebenen vertreten.<br \/>\n<strong><a href=\"https:\/\/kuenstlerbunt-multicolor.com\/?page_id=55\" target=\"_blank\" rel=\"noopener noreferrer\">Mehr \u00fcber die Jubil\u00e4umsausstellung<\/a><\/strong><br \/>\nOft werden K\u00fcnstlerfreunde in die gemeinsam geplanten Ausstellungsprojekte integriert.<br \/>\nDas einende Medium der Gruppe ist der Gedankenaustausch, die fachkundige Kritik und Ermunterung unteinander bei der Suche nach dem individuellen Weg.<\/p>\n","protected":false},"excerpt":{"rendered":"<p>K\u00fcnstlerBunt MultiColor ist ein Zusammenschluss von bildenden K\u00fcnstlerinnen und K\u00fcnstlern in Hattingen und Umgebung, die gemeinsam arbeiten, ihr Wissen teilen und Ausstellungen in Hattingen vorbereiten und durchf\u00fchren. Liebstes Ausstellungsgel\u00e4nde ist das LWL Industriemuseum Henrichsh\u00fctte Hattingen, aber auch andere spannende Orte ziehen die K\u00fcnstlerinnen und K\u00fcnstler f\u00fcr Projekte in ihren Bann! Seit 1997 besteht unsere K\u00fcnstlergruppe &hellip; <a href=\"https:\/\/kuenstlerbunt-multicolor.com\/?page_id=8\" class=\"more-link\"><span class=\"screen-reader-text\">\u00dcber uns<\/span> weiterlesen <span class=\"meta-nav\">&rarr;<\/span><\/a><\/p>\n","protected":false},"author":1,"featured_media":0,"parent":0,"menu_order":0,"comment_status":"closed","ping_status":"closed","template":"","meta":{"ngg_post_thumbnail":0,"footnotes":""},"class_list":["post-8","page","type-page","status-publish","hentry"],"_links":{"self":[{"href":"https:\/\/kuenstlerbunt-multicolor.com\/index.php?rest_route=\/wp\/v2\/pages\/8","targetHints":{"allow":["GET"]}}],"collection":[{"href":"https:\/\/kuenstlerbunt-multicolor.com\/index.php?rest_route=\/wp\/v2\/pages"}],"about":[{"href":"https:\/\/kuenstlerbunt-multicolor.com\/index.php?rest_route=\/wp\/v2\/types\/page"}],"author":[{"embeddable":true,"href":"https:\/\/kuenstlerbunt-multicolor.com\/index.php?rest_route=\/wp\/v2\/users\/1"}],"replies":[{"embeddable":true,"href":"https:\/\/kuenstlerbunt-multicolor.com\/index.php?rest_route=%2Fwp%2Fv2%2Fcomments&post=8"}],"version-history":[{"count":33,"href":"https:\/\/kuenstlerbunt-multicolor.com\/index.php?rest_route=\/wp\/v2\/pages\/8\/revisions"}],"predecessor-version":[{"id":2352,"href":"https:\/\/kuenstlerbunt-multicolor.com\/index.php?rest_route=\/wp\/v2\/pages\/8\/revisions\/2352"}],"wp:attachment":[{"href":"https:\/\/kuenstlerbunt-multicolor.com\/index.php?rest_route=%2Fwp%2Fv2%2Fmedia&parent=8"}],"curies":[{"name":"wp","href":"https:\/\/api.w.org\/{rel}","templated":true}]}}