{"id":424,"date":"2014-12-29T19:20:04","date_gmt":"2014-12-29T19:20:04","guid":{"rendered":"http:\/\/kuenstlerbunt-multicolor.com\/?page_id=424"},"modified":"2024-01-14T21:22:04","modified_gmt":"2024-01-14T21:22:04","slug":"kaethe-j-s-wissmann","status":"publish","type":"page","link":"https:\/\/kuenstlerbunt-multicolor.com\/?page_id=424","title":{"rendered":"K\u00e4the J.S. Wissmann"},"content":{"rendered":"<p><a href=\"https:\/\/kuenstlerbunt-multicolor.com\/wp-content\/uploads\/2014\/12\/kaethe1.jpg\"><img loading=\"lazy\" decoding=\"async\" class=\"wp-image-426 alignleft\" src=\"https:\/\/kuenstlerbunt-multicolor.com\/wp-content\/uploads\/2014\/12\/kaethe1-238x300.jpg\" alt=\"K\u00e4the J.S. Wissmann\" width=\"190\" height=\"240\" srcset=\"https:\/\/kuenstlerbunt-multicolor.com\/wp-content\/uploads\/2014\/12\/kaethe1-238x300.jpg 238w, https:\/\/kuenstlerbunt-multicolor.com\/wp-content\/uploads\/2014\/12\/kaethe1.jpg 328w\" sizes=\"auto, (max-width: 190px) 100vw, 190px\" \/><\/a><\/p>\n<p>VITA<\/p>\n<ul>\n<li>Jahrgang&nbsp;1947,<br \/>\nHolzschnitt, Malerei,&nbsp;Objekte<br \/>\nk\u00fcnstlerisch&nbsp;aktiv&nbsp;seit&nbsp;mehr&nbsp;als&nbsp;30&nbsp;Jahren,<\/li>\n<li>Studium&nbsp;Grafik&nbsp;und&nbsp;Malerei&nbsp;am&nbsp;IBKK<br \/>\n(Institut&nbsp;f\u00fcr&nbsp;bildende&nbsp;Kunst&nbsp;und&nbsp;Kunsttherapie) in&nbsp;Bochum<\/li>\n<li>Studienseminare&nbsp;und&nbsp;Workshops&nbsp;bei&nbsp;verschiedenen&nbsp;K\u00fcnstlern&nbsp;in&nbsp;NRW<\/li>\n<li>zahlreiche&nbsp;Einzel\u2010&nbsp;und&nbsp;Gruppenausstellungen<\/li>\n<li>Mitglied bei MultiColor seit 2008<\/li>\n<li>Mitglied im Bund internationaler K\u00fcnstler e.V. (BiK)<\/li>\n<li>Mitglied im BBK Bergisch Land<\/li>\n<\/ul>\n<p><strong>Ver\u00f6ffentlichung&nbsp;<\/strong><br \/>\nOriginal\u2010Holzschnitt&nbsp;(ohne&nbsp;Titel,&nbsp;2000)&nbsp;in:&nbsp;\u201eWerkstattdrucke&nbsp;II\u201c,&nbsp;2002<br \/>\n(auf&nbsp;80&nbsp;St\u00fcck&nbsp;limitierte&nbsp;Ausgabe,&nbsp;Hrsg.&nbsp;H.&nbsp;D.&nbsp;G\u00f6lzenleuchter).<br \/>\n<strong>&nbsp; <\/strong><br \/>\n<strong>Kunst&nbsp;im&nbsp;\u00f6ffentlichen&nbsp;Raum&nbsp;<\/strong><\/p>\n<ul>\n<li>Gedenkstele&nbsp;auf&nbsp;dem&nbsp;Ehrenrundplatz,&nbsp;Friedhof&nbsp;Freigrafendamm,&nbsp;Bochum<br \/>\n\u201eZum&nbsp;Gedenken&nbsp;an&nbsp;die&nbsp;ermordeten&nbsp;Widerstandstandsk\u00e4mpfer&nbsp;gegen&nbsp;das&nbsp;Naziregime\u201c,<br \/>\nEinweihung&nbsp;am&nbsp;14.&nbsp;September&nbsp;2008<\/li>\n<li>Stahlobjekt \u201eZwei unter einem Hut\u201c (2011, gemeinsam mit Schorsch Walkenhorst) Standort bis Dezember 2019 in Hattingen, Burg Blankenstein \u201eGethmannscher Garten\u201c<\/li>\n<\/ul>\n<p style=\"text-align: center;\">Kontakt: <a href=\"http:\/\/www.kayotes.de\" target=\"_blank\" rel=\"noopener noreferrer\">Homepage<\/a> &#8211; Email: <a href=\"mailto:mail@kayotes.de\">Kayotes&nbsp;Kunstwerkstatt<\/a><\/p>\n","protected":false},"excerpt":{"rendered":"<p>VITA Jahrgang&nbsp;1947, Holzschnitt, Malerei,&nbsp;Objekte k\u00fcnstlerisch&nbsp;aktiv&nbsp;seit&nbsp;mehr&nbsp;als&nbsp;30&nbsp;Jahren, Studium&nbsp;Grafik&nbsp;und&nbsp;Malerei&nbsp;am&nbsp;IBKK (Institut&nbsp;f\u00fcr&nbsp;bildende&nbsp;Kunst&nbsp;und&nbsp;Kunsttherapie) in&nbsp;Bochum Studienseminare&nbsp;und&nbsp;Workshops&nbsp;bei&nbsp;verschiedenen&nbsp;K\u00fcnstlern&nbsp;in&nbsp;NRW zahlreiche&nbsp;Einzel\u2010&nbsp;und&nbsp;Gruppenausstellungen Mitglied bei MultiColor seit 2008 Mitglied im Bund internationaler K\u00fcnstler e.V. (BiK) Mitglied im BBK Bergisch Land Ver\u00f6ffentlichung&nbsp; Original\u2010Holzschnitt&nbsp;(ohne&nbsp;Titel,&nbsp;2000)&nbsp;in:&nbsp;\u201eWerkstattdrucke&nbsp;II\u201c,&nbsp;2002 (auf&nbsp;80&nbsp;St\u00fcck&nbsp;limitierte&nbsp;Ausgabe,&nbsp;Hrsg.&nbsp;H.&nbsp;D.&nbsp;G\u00f6lzenleuchter). &nbsp; Kunst&nbsp;im&nbsp;\u00f6ffentlichen&nbsp;Raum&nbsp; Gedenkstele&nbsp;auf&nbsp;dem&nbsp;Ehrenrundplatz,&nbsp;Friedhof&nbsp;Freigrafendamm,&nbsp;Bochum \u201eZum&nbsp;Gedenken&nbsp;an&nbsp;die&nbsp;ermordeten&nbsp;Widerstandstandsk\u00e4mpfer&nbsp;gegen&nbsp;das&nbsp;Naziregime\u201c, Einweihung&nbsp;am&nbsp;14.&nbsp;September&nbsp;2008 Stahlobjekt \u201eZwei unter einem Hut\u201c (2011, gemeinsam mit Schorsch Walkenhorst) Standort bis Dezember 2019 in Hattingen, Burg Blankenstein \u201eGethmannscher Garten\u201c &hellip; <a href=\"https:\/\/kuenstlerbunt-multicolor.com\/?page_id=424\" class=\"more-link\"><span class=\"screen-reader-text\">K\u00e4the J.S. Wissmann<\/span> weiterlesen <span class=\"meta-nav\">&rarr;<\/span><\/a><\/p>\n","protected":false},"author":1,"featured_media":0,"parent":11,"menu_order":0,"comment_status":"closed","ping_status":"closed","template":"","meta":{"ngg_post_thumbnail":0,"footnotes":""},"class_list":["post-424","page","type-page","status-publish","hentry"],"_links":{"self":[{"href":"https:\/\/kuenstlerbunt-multicolor.com\/index.php?rest_route=\/wp\/v2\/pages\/424","targetHints":{"allow":["GET"]}}],"collection":[{"href":"https:\/\/kuenstlerbunt-multicolor.com\/index.php?rest_route=\/wp\/v2\/pages"}],"about":[{"href":"https:\/\/kuenstlerbunt-multicolor.com\/index.php?rest_route=\/wp\/v2\/types\/page"}],"author":[{"embeddable":true,"href":"https:\/\/kuenstlerbunt-multicolor.com\/index.php?rest_route=\/wp\/v2\/users\/1"}],"replies":[{"embeddable":true,"href":"https:\/\/kuenstlerbunt-multicolor.com\/index.php?rest_route=%2Fwp%2Fv2%2Fcomments&post=424"}],"version-history":[{"count":7,"href":"https:\/\/kuenstlerbunt-multicolor.com\/index.php?rest_route=\/wp\/v2\/pages\/424\/revisions"}],"predecessor-version":[{"id":1798,"href":"https:\/\/kuenstlerbunt-multicolor.com\/index.php?rest_route=\/wp\/v2\/pages\/424\/revisions\/1798"}],"up":[{"embeddable":true,"href":"https:\/\/kuenstlerbunt-multicolor.com\/index.php?rest_route=\/wp\/v2\/pages\/11"}],"wp:attachment":[{"href":"https:\/\/kuenstlerbunt-multicolor.com\/index.php?rest_route=%2Fwp%2Fv2%2Fmedia&parent=424"}],"curies":[{"name":"wp","href":"https:\/\/api.w.org\/{rel}","templated":true}]}}