{"id":249,"date":"2014-02-04T15:00:41","date_gmt":"2014-02-04T15:00:41","guid":{"rendered":"http:\/\/kuenstlerbunt-multicolor.com\/?page_id=249"},"modified":"2020-06-05T01:33:22","modified_gmt":"2020-06-05T01:33:22","slug":"erika-c-koch","status":"publish","type":"page","link":"https:\/\/kuenstlerbunt-multicolor.com\/?page_id=249","title":{"rendered":"Erika C. Koch"},"content":{"rendered":"<p>Hattingen<\/p>\n<p><strong>Vita<\/strong><\/p>\n<p><a href=\"https:\/\/kuenstlerbunt-multicolor.com\/wp-content\/uploads\/2014\/02\/foto.gif\"><img loading=\"lazy\" decoding=\"async\" class=\"alignleft size-full wp-image-250\" src=\"https:\/\/kuenstlerbunt-multicolor.com\/wp-content\/uploads\/2014\/02\/foto.gif\" alt=\"\" width=\"125\" height=\"167\" \/><\/a><\/p>\n<ul>\n<li>Studien in Zeichnen und Malen, Arbeiten in Ton und Gips im K\u00fcnstlerzentrum<\/li>\n<li>Halfmannshof, Gelsenkirchen.<\/li>\n<\/ul>\n<ul>\n<li>Studien bei bekannten Malern.<\/li>\n<li>Seit 1989 wandte sich Erika C. Koch intensiv der Aquarell-Malerei zu.<\/li>\n<\/ul>\n<p><strong>Einzel- und Gruppenausstellungen<\/strong><\/p>\n<ul>\n<li>Seit 1991 regional und \u00fcberregional<br \/>\nin Galerien, j\u00e4hrliche Ausstellungsteilnahme mit<br \/>\nK\u00fcnstlerBunt MultiColor.<\/li>\n<li>1992 2. und 5. Preis Verkehrsverein Hattingen<\/li>\n<li>1996 4. Preis CDU Kulturpreis<\/li>\n<li>1996 2. Preis und Publikumspreis Reiseskizzen von Dorfkirchen<\/li>\n<li>Auszeichnung von Professor Colani<\/li>\n<li>Ausstellungen: Rathaus Hattingen, Com\u00f6die Bochum,<br \/>\nIndustriemuseum Hattingen, Galerie Finanzamt Hattingen,<br \/>\nHaus Ennepetal, Galerie Altes Rathaus Hattingen, Sparkasse<br \/>\nSprockh\u00f6vel, Sparkasse Hattingen, Volksbank Hattingen,<br \/>\nHaus Martfeld Schwelm, Kreishaus Schwelm, Nikolaus-Gro\u00df-<br \/>\nMuseum Hattingen, Kunsthaus Mettmann, Gastronomie am<br \/>\nStadtpark Bochum, Kunst- und Kultur Initiative Sprockh\u00f6vel,<br \/>\nSaalbau Witten, Teilnahme an Kunstwald 5, 6, 7 und 8,<br \/>\nKunstverein Hattingen.<\/li>\n<\/ul>\n<p><a href=\"https:\/\/kuenstlerbunt-multicolor.com\/wp-content\/uploads\/2014\/02\/Erika-C.-Koch-Leinwand2.jpg\"><img loading=\"lazy\" decoding=\"async\" class=\"alignleft size-medium wp-image-251\" src=\"https:\/\/kuenstlerbunt-multicolor.com\/wp-content\/uploads\/2014\/02\/Erika-C.-Koch-Leinwand2-300x247.jpg\" alt=\"Erika C. Koch - Leinwand2\" width=\"300\" height=\"247\" srcset=\"https:\/\/kuenstlerbunt-multicolor.com\/wp-content\/uploads\/2014\/02\/Erika-C.-Koch-Leinwand2-300x247.jpg 300w, https:\/\/kuenstlerbunt-multicolor.com\/wp-content\/uploads\/2014\/02\/Erika-C.-Koch-Leinwand2-1024x846.jpg 1024w, https:\/\/kuenstlerbunt-multicolor.com\/wp-content\/uploads\/2014\/02\/Erika-C.-Koch-Leinwand2.jpg 1266w\" sizes=\"auto, (max-width: 300px) 100vw, 300px\" \/><\/a> <a href=\"https:\/\/kuenstlerbunt-multicolor.com\/wp-content\/uploads\/2014\/02\/Erika-C.-Koch-Leinwand.jpg\"><img loading=\"lazy\" decoding=\"async\" class=\"alignleft size-medium wp-image-252\" src=\"https:\/\/kuenstlerbunt-multicolor.com\/wp-content\/uploads\/2014\/02\/Erika-C.-Koch-Leinwand-300x243.jpg\" alt=\"Erika C. Koch - Leinwand\" width=\"300\" height=\"243\" srcset=\"https:\/\/kuenstlerbunt-multicolor.com\/wp-content\/uploads\/2014\/02\/Erika-C.-Koch-Leinwand-300x243.jpg 300w, https:\/\/kuenstlerbunt-multicolor.com\/wp-content\/uploads\/2014\/02\/Erika-C.-Koch-Leinwand-1024x832.jpg 1024w, https:\/\/kuenstlerbunt-multicolor.com\/wp-content\/uploads\/2014\/02\/Erika-C.-Koch-Leinwand.jpg 1308w\" sizes=\"auto, (max-width: 300px) 100vw, 300px\" \/><\/a><\/p>\n<p>Kontakt:<strong><a href=\"mailto:erika.c.koch@web.de\" target=\"_blank\" rel=\"noopener noreferrer\"> Erika C. Koch<\/a><\/strong><\/p>\n","protected":false},"excerpt":{"rendered":"<p>Hattingen Vita Studien in Zeichnen und Malen, Arbeiten in Ton und Gips im K\u00fcnstlerzentrum Halfmannshof, Gelsenkirchen. Studien bei bekannten Malern. Seit 1989 wandte sich Erika C. Koch intensiv der Aquarell-Malerei zu. Einzel- und Gruppenausstellungen Seit 1991 regional und \u00fcberregional in Galerien, j\u00e4hrliche Ausstellungsteilnahme mit K\u00fcnstlerBunt MultiColor. 1992 2. und 5. Preis Verkehrsverein Hattingen 1996 4. &hellip; <a href=\"https:\/\/kuenstlerbunt-multicolor.com\/?page_id=249\" class=\"more-link\"><span class=\"screen-reader-text\">Erika C. Koch<\/span> weiterlesen <span class=\"meta-nav\">&rarr;<\/span><\/a><\/p>\n","protected":false},"author":1,"featured_media":0,"parent":0,"menu_order":0,"comment_status":"closed","ping_status":"closed","template":"","meta":{"ngg_post_thumbnail":0,"footnotes":""},"class_list":["post-249","page","type-page","status-publish","hentry"],"_links":{"self":[{"href":"https:\/\/kuenstlerbunt-multicolor.com\/index.php?rest_route=\/wp\/v2\/pages\/249","targetHints":{"allow":["GET"]}}],"collection":[{"href":"https:\/\/kuenstlerbunt-multicolor.com\/index.php?rest_route=\/wp\/v2\/pages"}],"about":[{"href":"https:\/\/kuenstlerbunt-multicolor.com\/index.php?rest_route=\/wp\/v2\/types\/page"}],"author":[{"embeddable":true,"href":"https:\/\/kuenstlerbunt-multicolor.com\/index.php?rest_route=\/wp\/v2\/users\/1"}],"replies":[{"embeddable":true,"href":"https:\/\/kuenstlerbunt-multicolor.com\/index.php?rest_route=%2Fwp%2Fv2%2Fcomments&post=249"}],"version-history":[{"count":3,"href":"https:\/\/kuenstlerbunt-multicolor.com\/index.php?rest_route=\/wp\/v2\/pages\/249\/revisions"}],"predecessor-version":[{"id":1435,"href":"https:\/\/kuenstlerbunt-multicolor.com\/index.php?rest_route=\/wp\/v2\/pages\/249\/revisions\/1435"}],"wp:attachment":[{"href":"https:\/\/kuenstlerbunt-multicolor.com\/index.php?rest_route=%2Fwp%2Fv2%2Fmedia&parent=249"}],"curies":[{"name":"wp","href":"https:\/\/api.w.org\/{rel}","templated":true}]}}