{"id":2311,"date":"2026-01-18T20:10:10","date_gmt":"2026-01-18T20:10:10","guid":{"rendered":"https:\/\/kuenstlerbunt-multicolor.com\/?page_id=2311"},"modified":"2026-01-18T20:45:12","modified_gmt":"2026-01-18T20:45:12","slug":"holger-minke","status":"publish","type":"page","link":"https:\/\/kuenstlerbunt-multicolor.com\/?page_id=2311","title":{"rendered":"Holger Minke"},"content":{"rendered":"\n<div class=\"wp-block-media-text is-stacked-on-mobile\" style=\"grid-template-columns:23% auto\"><figure class=\"wp-block-media-text__media\"><img loading=\"lazy\" decoding=\"async\" width=\"768\" height=\"1024\" src=\"https:\/\/kuenstlerbunt-multicolor.com\/wp-content\/uploads\/2026\/01\/20251215_Selfi-auf-dem-Gotthardt-heller-768x1024.jpg\" alt=\"\" class=\"wp-image-2312 size-full\"\/><\/figure><div class=\"wp-block-media-text__content\">\n<p>Geboren und aufgewachsen im Rheinland, \u00fcber die Familie nach Witten gekommen.<\/p>\n\n\n\n<p>Eindr\u00fccke, Landschaften, besondere Situationen, auch erweitert um eigene Gedanken, das versuche ich mit meinen Bildern einzufangen.<\/p>\n\n\n\n<p>Gestartet \u00fcber Wasserfarbe, \u00d6l und Acryl, bin ich nun bei der Aquarellmalerei angelangt.<\/p>\n<\/div><\/div>\n\n\n\n<p><strong>Themen:<\/strong> Eindr\u00fccke von Reisen &#8211; Ruhrgebiet &#8211; Himmel &#8211; Technik &#8211; Tiere<\/p>\n\n\n\n<p>&#8222;K\u00fcnstlerische&#8220; Vita:<br>1992 als Sch\u00fcler: Austellung in der St\u00e4dtischen B\u00fccherei Troisdorf Sieglar<br>seit 2015: Austellung auf &#8222;painters-online.co.uk&#8220; unter Klarnamen und Synonym<br>seit 2025: K\u00fcnstlerbunt Multicolor<br><a href=\"holger.minke@gmx.de\"><strong>Kontakt<\/strong><\/a><\/p>\n\n\n\n<figure class=\"wp-block-gallery has-nested-images columns-default is-cropped wp-block-gallery-1 is-layout-flex wp-block-gallery-is-layout-flex\">\n<figure class=\"wp-block-image size-large\"><a href=\"https:\/\/kuenstlerbunt-multicolor.com\/wp-content\/uploads\/2026\/01\/20201007_Hildegard-3-scaled-e1768768518952.jpg\"><img loading=\"lazy\" decoding=\"async\" width=\"731\" height=\"1024\" data-id=\"2315\" src=\"https:\/\/kuenstlerbunt-multicolor.com\/wp-content\/uploads\/2026\/01\/20201007_Hildegard-3-731x1024.jpg\" alt=\"\" class=\"wp-image-2315\"\/><\/a><\/figure>\n\n\n\n<figure class=\"wp-block-image size-large\"><a href=\"https:\/\/kuenstlerbunt-multicolor.com\/wp-content\/uploads\/2026\/01\/20240721_Carlos-scaled-e1768768646171.jpg\"><img loading=\"lazy\" decoding=\"async\" width=\"1024\" height=\"759\" data-id=\"2313\" src=\"https:\/\/kuenstlerbunt-multicolor.com\/wp-content\/uploads\/2026\/01\/20240721_Carlos-1024x759.jpg\" alt=\"\" class=\"wp-image-2313\"\/><\/a><\/figure>\n\n\n\n<figure class=\"wp-block-image size-large\"><a href=\"https:\/\/kuenstlerbunt-multicolor.com\/wp-content\/uploads\/2026\/01\/20200607-Fingerhut-Hohenstein-2-scaled-e1768768597623.jpg\"><img loading=\"lazy\" decoding=\"async\" width=\"773\" height=\"1024\" data-id=\"2318\" src=\"https:\/\/kuenstlerbunt-multicolor.com\/wp-content\/uploads\/2026\/01\/20200607-Fingerhut-Hohenstein-2-773x1024.jpg\" alt=\"\" class=\"wp-image-2318\"\/><\/a><\/figure>\n\n\n\n<figure class=\"wp-block-image size-large\"><a href=\"https:\/\/kuenstlerbunt-multicolor.com\/wp-content\/uploads\/2026\/01\/20240623_Angi-scaled-e1768768549285.jpg\"><img loading=\"lazy\" decoding=\"async\" width=\"1024\" height=\"768\" data-id=\"2316\" src=\"https:\/\/kuenstlerbunt-multicolor.com\/wp-content\/uploads\/2026\/01\/20240623_Angi-1024x768.jpg\" alt=\"\" class=\"wp-image-2316\"\/><\/a><\/figure>\n\n\n\n<figure class=\"wp-block-image size-large\"><a href=\"https:\/\/kuenstlerbunt-multicolor.com\/wp-content\/uploads\/2026\/01\/20210501-Kaugummiautomat-Herne-scaled-e1768768573147.jpg\"><img loading=\"lazy\" decoding=\"async\" width=\"768\" height=\"1024\" data-id=\"2317\" src=\"https:\/\/kuenstlerbunt-multicolor.com\/wp-content\/uploads\/2026\/01\/20210501-Kaugummiautomat-Herne-768x1024.jpg\" alt=\"\" class=\"wp-image-2317\"\/><\/a><\/figure>\n\n\n\n<figure class=\"wp-block-image size-large\"><a href=\"https:\/\/kuenstlerbunt-multicolor.com\/wp-content\/uploads\/2026\/01\/20250511_Stahlwerk-Witten-voll-scaled-e1768768483562.jpg\"><img loading=\"lazy\" decoding=\"async\" width=\"1024\" height=\"803\" data-id=\"2319\" src=\"https:\/\/kuenstlerbunt-multicolor.com\/wp-content\/uploads\/2026\/01\/20250511_Stahlwerk-Witten-voll-1024x803.jpg\" alt=\"\" class=\"wp-image-2319\"\/><\/a><\/figure>\n\n\n\n<figure class=\"wp-block-image size-large\"><a href=\"https:\/\/kuenstlerbunt-multicolor.com\/wp-content\/uploads\/2026\/01\/20250126_Monduntergang-Essen-1-scaled-e1768768622290.jpg\"><img loading=\"lazy\" decoding=\"async\" width=\"1024\" height=\"766\" data-id=\"2314\" src=\"https:\/\/kuenstlerbunt-multicolor.com\/wp-content\/uploads\/2026\/01\/20250126_Monduntergang-Essen-1-1024x766.jpg\" alt=\"\" class=\"wp-image-2314\"\/><\/a><\/figure>\n<\/figure>\n","protected":false},"excerpt":{"rendered":"<p>Geboren und aufgewachsen im Rheinland, \u00fcber die Familie nach Witten gekommen. Eindr\u00fccke, Landschaften, besondere Situationen, auch erweitert um eigene Gedanken, das versuche ich mit meinen Bildern einzufangen. Gestartet \u00fcber Wasserfarbe, \u00d6l und Acryl, bin ich nun bei der Aquarellmalerei angelangt. Themen: Eindr\u00fccke von Reisen &#8211; Ruhrgebiet &#8211; Himmel &#8211; Technik &#8211; Tiere &#8222;K\u00fcnstlerische&#8220; Vita:1992 als &hellip; <a href=\"https:\/\/kuenstlerbunt-multicolor.com\/?page_id=2311\" class=\"more-link\"><span class=\"screen-reader-text\">Holger Minke<\/span> weiterlesen <span class=\"meta-nav\">&rarr;<\/span><\/a><\/p>\n","protected":false},"author":1,"featured_media":0,"parent":0,"menu_order":0,"comment_status":"closed","ping_status":"closed","template":"","meta":{"ngg_post_thumbnail":0,"footnotes":""},"class_list":["post-2311","page","type-page","status-publish","hentry"],"_links":{"self":[{"href":"https:\/\/kuenstlerbunt-multicolor.com\/index.php?rest_route=\/wp\/v2\/pages\/2311","targetHints":{"allow":["GET"]}}],"collection":[{"href":"https:\/\/kuenstlerbunt-multicolor.com\/index.php?rest_route=\/wp\/v2\/pages"}],"about":[{"href":"https:\/\/kuenstlerbunt-multicolor.com\/index.php?rest_route=\/wp\/v2\/types\/page"}],"author":[{"embeddable":true,"href":"https:\/\/kuenstlerbunt-multicolor.com\/index.php?rest_route=\/wp\/v2\/users\/1"}],"replies":[{"embeddable":true,"href":"https:\/\/kuenstlerbunt-multicolor.com\/index.php?rest_route=%2Fwp%2Fv2%2Fcomments&post=2311"}],"version-history":[{"count":4,"href":"https:\/\/kuenstlerbunt-multicolor.com\/index.php?rest_route=\/wp\/v2\/pages\/2311\/revisions"}],"predecessor-version":[{"id":2328,"href":"https:\/\/kuenstlerbunt-multicolor.com\/index.php?rest_route=\/wp\/v2\/pages\/2311\/revisions\/2328"}],"wp:attachment":[{"href":"https:\/\/kuenstlerbunt-multicolor.com\/index.php?rest_route=%2Fwp%2Fv2%2Fmedia&parent=2311"}],"curies":[{"name":"wp","href":"https:\/\/api.w.org\/{rel}","templated":true}]}}