{"id":2105,"date":"2025-05-07T13:02:48","date_gmt":"2025-05-07T13:02:48","guid":{"rendered":"https:\/\/kuenstlerbunt-multicolor.com\/?page_id=2105"},"modified":"2025-05-07T13:26:05","modified_gmt":"2025-05-07T13:26:05","slug":"sigrid-drewer","status":"publish","type":"page","link":"https:\/\/kuenstlerbunt-multicolor.com\/?page_id=2105","title":{"rendered":"Sigrid Drewer"},"content":{"rendered":"\n<div class=\"wp-block-media-text has-media-on-the-right is-stacked-on-mobile\" style=\"grid-template-columns:auto 35%\"><div class=\"wp-block-media-text__content\">\n<p><strong>Vita<\/strong><\/p>\n\n\n\n<p>geboren 1959 in Essen<br>1987-1992 Studium an der FH D\u00fcsseldorf, <br>mit Gastsemester an der <br>Kunstakademie D\u00fcsseldorf <br>Abschluss Dipl.Grafik-Designerin<br><br>In verschiedenen Werbeagenturen gearbeitet<br>(Essen und D\u00fcsseldorf)<br>Projekte und Illustrationen f\u00fcr den <br>Waldorfkindergarten in Bochum <br>H\u00f6ntrop und Widar Schule<br><br>M\u00e4rz 2025 Gruppenausstellung in der<br>Galerie NEUE R\u00c4UME, Hattingen<br>K\u00fcnstlerBunt Multi Color: <br><em>Was ich schon immer \u201esagen\u201e wollte<\/em>!<\/p>\n<\/div><figure class=\"wp-block-media-text__media\"><img loading=\"lazy\" decoding=\"async\" width=\"396\" height=\"465\" src=\"https:\/\/kuenstlerbunt-multicolor.com\/wp-content\/uploads\/2025\/05\/Ausschnitt_PHOTO-2025-04-14-21-24-45.jpg\" alt=\"\" class=\"wp-image-2124 size-full\" srcset=\"https:\/\/kuenstlerbunt-multicolor.com\/wp-content\/uploads\/2025\/05\/Ausschnitt_PHOTO-2025-04-14-21-24-45.jpg 396w, https:\/\/kuenstlerbunt-multicolor.com\/wp-content\/uploads\/2025\/05\/Ausschnitt_PHOTO-2025-04-14-21-24-45-255x300.jpg 255w\" sizes=\"auto, (max-width: 396px) 100vw, 396px\" \/><\/figure><\/div>\n\n\n\n<p><\/p>\n\n\n\n<hr class=\"wp-block-separator has-alpha-channel-opacity is-style-wide\"\/>\n\n\n\n<p>Aquarelle aus dem Buch: <strong>Mondgeschichten<\/strong><\/p>\n\n\n\n<div class=\"wp-block-media-text is-stacked-on-mobile is-vertically-aligned-center\"><figure class=\"wp-block-media-text__media\"><img loading=\"lazy\" decoding=\"async\" width=\"740\" height=\"1024\" src=\"https:\/\/kuenstlerbunt-multicolor.com\/wp-content\/uploads\/2025\/05\/PHOTO-2025-04-14-21-24-08-1-740x1024.jpg\" alt=\"\" class=\"wp-image-2108 size-full\" srcset=\"https:\/\/kuenstlerbunt-multicolor.com\/wp-content\/uploads\/2025\/05\/PHOTO-2025-04-14-21-24-08-1-740x1024.jpg 740w, https:\/\/kuenstlerbunt-multicolor.com\/wp-content\/uploads\/2025\/05\/PHOTO-2025-04-14-21-24-08-1-217x300.jpg 217w, https:\/\/kuenstlerbunt-multicolor.com\/wp-content\/uploads\/2025\/05\/PHOTO-2025-04-14-21-24-08-1-768x1063.jpg 768w, https:\/\/kuenstlerbunt-multicolor.com\/wp-content\/uploads\/2025\/05\/PHOTO-2025-04-14-21-24-08-1-1110x1536.jpg 1110w, https:\/\/kuenstlerbunt-multicolor.com\/wp-content\/uploads\/2025\/05\/PHOTO-2025-04-14-21-24-08-1.jpg 1156w\" sizes=\"auto, (max-width: 740px) 100vw, 740px\" \/><\/figure><div class=\"wp-block-media-text__content\">\n<p>Der Mond fiel herunter, <br>ganz putzig und munter.<br>nun liegt er in Scherben,<br>und landet im Eimer &#8211; <br>heut`nacht sieht ihn keiner!<\/p>\n<\/div><\/div>\n\n\n\n<div class=\"wp-block-media-text is-stacked-on-mobile is-vertically-aligned-center\"><figure class=\"wp-block-media-text__media\"><img loading=\"lazy\" decoding=\"async\" width=\"734\" height=\"1024\" src=\"https:\/\/kuenstlerbunt-multicolor.com\/wp-content\/uploads\/2025\/05\/PHOTO-2025-04-14-21-25-54-1-734x1024.jpg\" alt=\"\" class=\"wp-image-2115 size-full\" srcset=\"https:\/\/kuenstlerbunt-multicolor.com\/wp-content\/uploads\/2025\/05\/PHOTO-2025-04-14-21-25-54-1-734x1024.jpg 734w, https:\/\/kuenstlerbunt-multicolor.com\/wp-content\/uploads\/2025\/05\/PHOTO-2025-04-14-21-25-54-1-215x300.jpg 215w, https:\/\/kuenstlerbunt-multicolor.com\/wp-content\/uploads\/2025\/05\/PHOTO-2025-04-14-21-25-54-1-768x1071.jpg 768w, https:\/\/kuenstlerbunt-multicolor.com\/wp-content\/uploads\/2025\/05\/PHOTO-2025-04-14-21-25-54-1-1101x1536.jpg 1101w, https:\/\/kuenstlerbunt-multicolor.com\/wp-content\/uploads\/2025\/05\/PHOTO-2025-04-14-21-25-54-1.jpg 1147w\" sizes=\"auto, (max-width: 734px) 100vw, 734px\" \/><\/figure><div class=\"wp-block-media-text__content\">\n<p>Es war einmal ein Mann,<br>der hatte eine Schreibmaschine.<br>Der schrieb am laufenden Band,<br>dem Mond so sch\u00f6ne Briefe.<\/p>\n<\/div><\/div>\n\n\n\n<div class=\"wp-block-media-text is-stacked-on-mobile is-vertically-aligned-center\"><figure class=\"wp-block-media-text__media\"><img loading=\"lazy\" decoding=\"async\" width=\"768\" height=\"1024\" src=\"https:\/\/kuenstlerbunt-multicolor.com\/wp-content\/uploads\/2025\/05\/PHOTO-2025-04-14-21-24-45-1-768x1024.jpg\" alt=\"\" class=\"wp-image-2114 size-full\" srcset=\"https:\/\/kuenstlerbunt-multicolor.com\/wp-content\/uploads\/2025\/05\/PHOTO-2025-04-14-21-24-45-1-768x1024.jpg 768w, https:\/\/kuenstlerbunt-multicolor.com\/wp-content\/uploads\/2025\/05\/PHOTO-2025-04-14-21-24-45-1-225x300.jpg 225w, https:\/\/kuenstlerbunt-multicolor.com\/wp-content\/uploads\/2025\/05\/PHOTO-2025-04-14-21-24-45-1-1152x1536.jpg 1152w, https:\/\/kuenstlerbunt-multicolor.com\/wp-content\/uploads\/2025\/05\/PHOTO-2025-04-14-21-24-45-1.jpg 1200w\" sizes=\"auto, (max-width: 768px) 100vw, 768px\" \/><\/figure><div class=\"wp-block-media-text__content\">\n<p>Bist du hier nur zu Besuch?<br>Oder ist das ein Versuch?<br>Als Lesezeichen an dem Buch?<br>Ich find` das sreht dir nicht &#8211;<br>mit dem Mondgesicht!<br>Das ist doch besser ein Platz f\u00fcr mich!<\/p>\n<\/div><\/div>\n\n\n\n<hr class=\"wp-block-separator has-alpha-channel-opacity is-style-wide\"\/>\n\n\n\n<figure class=\"wp-block-gallery has-nested-images columns-default is-cropped wp-block-gallery-1 is-layout-flex wp-block-gallery-is-layout-flex\">\n<figure class=\"wp-block-image size-large\"><a href=\"https:\/\/kuenstlerbunt-multicolor.com\/wp-content\/uploads\/2025\/05\/PHOTO-2025-04-15-15-30-30.jpg\"><img loading=\"lazy\" decoding=\"async\" width=\"732\" height=\"1024\" data-id=\"2107\" src=\"https:\/\/kuenstlerbunt-multicolor.com\/wp-content\/uploads\/2025\/05\/PHOTO-2025-04-15-15-30-30-732x1024.jpg\" alt=\"\" class=\"wp-image-2107\" srcset=\"https:\/\/kuenstlerbunt-multicolor.com\/wp-content\/uploads\/2025\/05\/PHOTO-2025-04-15-15-30-30-732x1024.jpg 732w, https:\/\/kuenstlerbunt-multicolor.com\/wp-content\/uploads\/2025\/05\/PHOTO-2025-04-15-15-30-30-214x300.jpg 214w, https:\/\/kuenstlerbunt-multicolor.com\/wp-content\/uploads\/2025\/05\/PHOTO-2025-04-15-15-30-30-768x1075.jpg 768w, https:\/\/kuenstlerbunt-multicolor.com\/wp-content\/uploads\/2025\/05\/PHOTO-2025-04-15-15-30-30-1097x1536.jpg 1097w, https:\/\/kuenstlerbunt-multicolor.com\/wp-content\/uploads\/2025\/05\/PHOTO-2025-04-15-15-30-30.jpg 1143w\" sizes=\"auto, (max-width: 732px) 100vw, 732px\" \/><\/a><\/figure>\n\n\n\n<figure class=\"wp-block-image size-large\"><a href=\"https:\/\/kuenstlerbunt-multicolor.com\/wp-content\/uploads\/2025\/05\/PHOTO-2025-04-15-15-29-37.jpg\"><img loading=\"lazy\" decoding=\"async\" width=\"847\" height=\"1024\" data-id=\"2111\" src=\"https:\/\/kuenstlerbunt-multicolor.com\/wp-content\/uploads\/2025\/05\/PHOTO-2025-04-15-15-29-37-847x1024.jpg\" alt=\"\" class=\"wp-image-2111\" srcset=\"https:\/\/kuenstlerbunt-multicolor.com\/wp-content\/uploads\/2025\/05\/PHOTO-2025-04-15-15-29-37-847x1024.jpg 847w, https:\/\/kuenstlerbunt-multicolor.com\/wp-content\/uploads\/2025\/05\/PHOTO-2025-04-15-15-29-37-248x300.jpg 248w, https:\/\/kuenstlerbunt-multicolor.com\/wp-content\/uploads\/2025\/05\/PHOTO-2025-04-15-15-29-37-768x929.jpg 768w, https:\/\/kuenstlerbunt-multicolor.com\/wp-content\/uploads\/2025\/05\/PHOTO-2025-04-15-15-29-37-1270x1536.jpg 1270w, https:\/\/kuenstlerbunt-multicolor.com\/wp-content\/uploads\/2025\/05\/PHOTO-2025-04-15-15-29-37.jpg 1323w\" sizes=\"auto, (max-width: 847px) 100vw, 847px\" \/><\/a><\/figure>\n\n\n\n<figure class=\"wp-block-image size-large\"><a href=\"https:\/\/kuenstlerbunt-multicolor.com\/wp-content\/uploads\/2025\/05\/PHOTO-2025-04-15-15-29-18.jpg\"><img loading=\"lazy\" decoding=\"async\" width=\"901\" height=\"1024\" data-id=\"2112\" src=\"https:\/\/kuenstlerbunt-multicolor.com\/wp-content\/uploads\/2025\/05\/PHOTO-2025-04-15-15-29-18-901x1024.jpg\" alt=\"\" class=\"wp-image-2112\" srcset=\"https:\/\/kuenstlerbunt-multicolor.com\/wp-content\/uploads\/2025\/05\/PHOTO-2025-04-15-15-29-18-901x1024.jpg 901w, https:\/\/kuenstlerbunt-multicolor.com\/wp-content\/uploads\/2025\/05\/PHOTO-2025-04-15-15-29-18-264x300.jpg 264w, https:\/\/kuenstlerbunt-multicolor.com\/wp-content\/uploads\/2025\/05\/PHOTO-2025-04-15-15-29-18-768x873.jpg 768w, https:\/\/kuenstlerbunt-multicolor.com\/wp-content\/uploads\/2025\/05\/PHOTO-2025-04-15-15-29-18-1352x1536.jpg 1352w, https:\/\/kuenstlerbunt-multicolor.com\/wp-content\/uploads\/2025\/05\/PHOTO-2025-04-15-15-29-18.jpg 1408w\" sizes=\"auto, (max-width: 901px) 100vw, 901px\" \/><\/a><\/figure>\n<\/figure>\n\n\n\n<p>Kontakt: <a href=\"mailto:sigrid-drewer@t-online.de\">sigrid-drewer@t-online.de<\/a><\/p>\n","protected":false},"excerpt":{"rendered":"<p>Vita geboren 1959 in Essen1987-1992 Studium an der FH D\u00fcsseldorf, mit Gastsemester an der Kunstakademie D\u00fcsseldorf Abschluss Dipl.Grafik-Designerin In verschiedenen Werbeagenturen gearbeitet(Essen und D\u00fcsseldorf)Projekte und Illustrationen f\u00fcr den Waldorfkindergarten in Bochum H\u00f6ntrop und Widar Schule M\u00e4rz 2025 Gruppenausstellung in derGalerie NEUE R\u00c4UME, HattingenK\u00fcnstlerBunt Multi Color: Was ich schon immer \u201esagen\u201e wollte! Aquarelle aus dem Buch: &hellip; <a href=\"https:\/\/kuenstlerbunt-multicolor.com\/?page_id=2105\" class=\"more-link\"><span class=\"screen-reader-text\">Sigrid Drewer<\/span> weiterlesen <span class=\"meta-nav\">&rarr;<\/span><\/a><\/p>\n","protected":false},"author":1,"featured_media":0,"parent":0,"menu_order":0,"comment_status":"closed","ping_status":"closed","template":"","meta":{"ngg_post_thumbnail":0,"footnotes":""},"class_list":["post-2105","page","type-page","status-publish","hentry"],"_links":{"self":[{"href":"https:\/\/kuenstlerbunt-multicolor.com\/index.php?rest_route=\/wp\/v2\/pages\/2105","targetHints":{"allow":["GET"]}}],"collection":[{"href":"https:\/\/kuenstlerbunt-multicolor.com\/index.php?rest_route=\/wp\/v2\/pages"}],"about":[{"href":"https:\/\/kuenstlerbunt-multicolor.com\/index.php?rest_route=\/wp\/v2\/types\/page"}],"author":[{"embeddable":true,"href":"https:\/\/kuenstlerbunt-multicolor.com\/index.php?rest_route=\/wp\/v2\/users\/1"}],"replies":[{"embeddable":true,"href":"https:\/\/kuenstlerbunt-multicolor.com\/index.php?rest_route=%2Fwp%2Fv2%2Fcomments&post=2105"}],"version-history":[{"count":11,"href":"https:\/\/kuenstlerbunt-multicolor.com\/index.php?rest_route=\/wp\/v2\/pages\/2105\/revisions"}],"predecessor-version":[{"id":2131,"href":"https:\/\/kuenstlerbunt-multicolor.com\/index.php?rest_route=\/wp\/v2\/pages\/2105\/revisions\/2131"}],"wp:attachment":[{"href":"https:\/\/kuenstlerbunt-multicolor.com\/index.php?rest_route=%2Fwp%2Fv2%2Fmedia&parent=2105"}],"curies":[{"name":"wp","href":"https:\/\/api.w.org\/{rel}","templated":true}]}}