{"id":202,"date":"2014-02-04T00:07:07","date_gmt":"2014-02-04T00:07:07","guid":{"rendered":"http:\/\/kuenstlerbunt-multicolor.com\/?page_id=202"},"modified":"2020-06-05T01:21:53","modified_gmt":"2020-06-05T01:21:53","slug":"manja-dessel","status":"publish","type":"page","link":"https:\/\/kuenstlerbunt-multicolor.com\/?page_id=202","title":{"rendered":"Manja Dessel"},"content":{"rendered":"<p>Hattingen<\/p>\n<p><strong>Malerin<\/strong>: arbeitet in \u00d6l, Acryl, Airbrush<a href=\"https:\/\/kuenstlerbunt-multicolor.com\/wp-content\/uploads\/2014\/02\/portrait_md.jpg\"><img loading=\"lazy\" decoding=\"async\" class=\"size-full wp-image-222 alignleft\" src=\"https:\/\/kuenstlerbunt-multicolor.com\/wp-content\/uploads\/2014\/02\/portrait_md.jpg\" alt=\"portrait_md\" width=\"160\" height=\"195\" \/><\/a><\/p>\n<p><strong>Vita<\/strong><\/p>\n<ul>\n<li>Studium Graphik und Airbrush-Design am Institut f\u00fcr Ausbildung in bildender Kunst und Kunsttherapie in Bochum,<br \/>Meisterklasse Professor Qi Yang;<\/li>\n<li>Fortbildung Europ\u00e4ische Kunstakademie Trier bei Rolf Viva, Studium Airbrush-Design<\/li>\n<li>Mitglied im BBK (Bundesverband bildender K\u00fcnstler)<\/li>\n<\/ul>\n<p>Das Kunstschaffen von Manja Dessel ist gepr\u00e4gt von intensiver Aufarbeitung eindrucksvoller Reisen, haupts\u00e4chlich in den Himalaya. Erlebnisse, Fotos und Skizzen inspirieren zu fig\u00fcrlich abstrahierten Arbeiten.<\/p>\n<p>Kontakt: <strong><a href=\"mailto:manja.dessel@web.de\" target=\"_blank\" rel=\"noopener noreferrer\">Manja Dessel<\/a><\/strong><\/p>\n<p><strong>Einzel- und Gruppenausstellungen<\/strong><\/p>\n<ul>\n<li>Institut f\u00fcr Ausbildung in bildender Kunst und Kunsttherapie, Bochum<\/li>\n<li>Art Mate, Wiesbaden<\/li>\n<li>Landesmuseum f\u00fcr Industriekultur, Hattingen<a href=\"https:\/\/kuenstlerbunt-multicolor.com\/wp-content\/uploads\/2014\/02\/Manja_070213_40969.jpg\"><img loading=\"lazy\" decoding=\"async\" class=\"alignright size-full wp-image-213\" style=\"border: 0px none;\" src=\"https:\/\/kuenstlerbunt-multicolor.com\/wp-content\/uploads\/2014\/02\/Manja_070213_40969.jpg\" alt=\"Manja_070213_40969\" width=\"300\" height=\"405\" srcset=\"https:\/\/kuenstlerbunt-multicolor.com\/wp-content\/uploads\/2014\/02\/Manja_070213_40969.jpg 300w, https:\/\/kuenstlerbunt-multicolor.com\/wp-content\/uploads\/2014\/02\/Manja_070213_40969-222x300.jpg 222w\" sizes=\"auto, (max-width: 300px) 100vw, 300px\" \/><\/a><\/li>\n<li>Kunstausstellung, Stadt Sprockh\u00f6vel<\/li>\n<li>H\u00f6hlenkunst-H\u00fcttenkunst, Ennepetal<\/li>\n<li>H\u00f6hlenkunst, Kluterth\u00f6hle Ennepetal<\/li>\n<li>St\u00e4dtische Galerie, Hattingen<\/li>\n<li>Schlo\u00df Martfeld, Schwelm<\/li>\n<li>West. Industriemuseum, Hattingen<\/li>\n<li>Galerie \u201eIm alten Kloster\u201c, K\u00f6ln<\/li>\n<li>Buchm\u00fchle, Bergisch Gladbach<\/li>\n<\/ul>\n<ul>\n<li>Gustav-Stresemann-Institut, Bonn<\/li>\n<li>Nicolai-Kirche, Bielefeld<\/li>\n<li>Rathaus, Halle\/Westfalen<\/li>\n<li>Tibet Initiative Deutschland, Hamburg<\/li>\n<li>Saalbau-Galerie, Kultur-Forum, Witten<\/li>\n<li>Kunstwald Hattingen<\/li>\n<li>Marler Kunststern 2011, 2012 u. 2013<\/li>\n<li>2105 V\u00f6lkerkundemuseum Hamburg<\/li>\n<li>2018 S\u00fcdsauerland-Museum Altenberg<\/li>\n<\/ul>\n\n\n<ul class=\"wp-block-gallery columns-3 is-cropped wp-block-gallery-1 is-layout-flex wp-block-gallery-is-layout-flex\"><li class=\"blocks-gallery-item\"><figure><img loading=\"lazy\" decoding=\"async\" width=\"300\" height=\"425\" src=\"https:\/\/kuenstlerbunt-multicolor.com\/wp-content\/uploads\/2014\/02\/Manja_070213_40971.jpg\" alt=\"\" data-id=\"214\" data-link=\"https:\/\/kuenstlerbunt-multicolor.com\/?attachment_id=214\" class=\"wp-image-214\" srcset=\"https:\/\/kuenstlerbunt-multicolor.com\/wp-content\/uploads\/2014\/02\/Manja_070213_40971.jpg 300w, https:\/\/kuenstlerbunt-multicolor.com\/wp-content\/uploads\/2014\/02\/Manja_070213_40971-211x300.jpg 211w\" sizes=\"auto, (max-width: 300px) 100vw, 300px\" \/><\/figure><\/li><li class=\"blocks-gallery-item\"><figure><img loading=\"lazy\" decoding=\"async\" width=\"300\" height=\"399\" src=\"https:\/\/kuenstlerbunt-multicolor.com\/wp-content\/uploads\/2014\/02\/Manja_070213_40908.jpg\" alt=\"\" data-id=\"212\" data-link=\"https:\/\/kuenstlerbunt-multicolor.com\/?attachment_id=212\" class=\"wp-image-212\" srcset=\"https:\/\/kuenstlerbunt-multicolor.com\/wp-content\/uploads\/2014\/02\/Manja_070213_40908.jpg 300w, https:\/\/kuenstlerbunt-multicolor.com\/wp-content\/uploads\/2014\/02\/Manja_070213_40908-225x300.jpg 225w\" sizes=\"auto, (max-width: 300px) 100vw, 300px\" \/><\/figure><\/li><li class=\"blocks-gallery-item\"><figure><img loading=\"lazy\" decoding=\"async\" width=\"300\" height=\"299\" src=\"https:\/\/kuenstlerbunt-multicolor.com\/wp-content\/uploads\/2014\/02\/Manja_070213_40893.jpg\" alt=\"\" data-id=\"207\" data-link=\"https:\/\/kuenstlerbunt-multicolor.com\/?attachment_id=207\" class=\"wp-image-207\" srcset=\"https:\/\/kuenstlerbunt-multicolor.com\/wp-content\/uploads\/2014\/02\/Manja_070213_40893.jpg 300w, https:\/\/kuenstlerbunt-multicolor.com\/wp-content\/uploads\/2014\/02\/Manja_070213_40893-150x150.jpg 150w\" sizes=\"auto, (max-width: 300px) 100vw, 300px\" \/><\/figure><\/li><li class=\"blocks-gallery-item\"><figure><img loading=\"lazy\" decoding=\"async\" width=\"300\" height=\"374\" src=\"https:\/\/kuenstlerbunt-multicolor.com\/wp-content\/uploads\/2014\/02\/Manja_070213_40904.jpg\" alt=\"\" data-id=\"211\" data-link=\"https:\/\/kuenstlerbunt-multicolor.com\/?attachment_id=211\" class=\"wp-image-211\" srcset=\"https:\/\/kuenstlerbunt-multicolor.com\/wp-content\/uploads\/2014\/02\/Manja_070213_40904.jpg 300w, https:\/\/kuenstlerbunt-multicolor.com\/wp-content\/uploads\/2014\/02\/Manja_070213_40904-240x300.jpg 240w\" sizes=\"auto, (max-width: 300px) 100vw, 300px\" \/><\/figure><\/li><li class=\"blocks-gallery-item\"><figure><img loading=\"lazy\" decoding=\"async\" width=\"300\" height=\"302\" src=\"https:\/\/kuenstlerbunt-multicolor.com\/wp-content\/uploads\/2014\/02\/Manja_070213_40888.jpg\" alt=\"\" data-id=\"206\" data-link=\"https:\/\/kuenstlerbunt-multicolor.com\/?attachment_id=206\" class=\"wp-image-206\" srcset=\"https:\/\/kuenstlerbunt-multicolor.com\/wp-content\/uploads\/2014\/02\/Manja_070213_40888.jpg 300w, https:\/\/kuenstlerbunt-multicolor.com\/wp-content\/uploads\/2014\/02\/Manja_070213_40888-150x150.jpg 150w, https:\/\/kuenstlerbunt-multicolor.com\/wp-content\/uploads\/2014\/02\/Manja_070213_40888-298x300.jpg 298w\" sizes=\"auto, (max-width: 300px) 100vw, 300px\" \/><\/figure><\/li><li class=\"blocks-gallery-item\"><figure><img loading=\"lazy\" decoding=\"async\" width=\"400\" height=\"280\" src=\"https:\/\/kuenstlerbunt-multicolor.com\/wp-content\/uploads\/2014\/02\/Manja_070213_40885.jpg\" alt=\"\" data-id=\"204\" data-link=\"https:\/\/kuenstlerbunt-multicolor.com\/?attachment_id=204\" class=\"wp-image-204\" srcset=\"https:\/\/kuenstlerbunt-multicolor.com\/wp-content\/uploads\/2014\/02\/Manja_070213_40885.jpg 400w, https:\/\/kuenstlerbunt-multicolor.com\/wp-content\/uploads\/2014\/02\/Manja_070213_40885-300x210.jpg 300w\" sizes=\"auto, (max-width: 400px) 100vw, 400px\" \/><\/figure><\/li><li class=\"blocks-gallery-item\"><figure><img loading=\"lazy\" decoding=\"async\" width=\"300\" height=\"441\" src=\"https:\/\/kuenstlerbunt-multicolor.com\/wp-content\/uploads\/2014\/02\/Manja_070213_40979.jpg\" alt=\"\" data-id=\"219\" data-link=\"https:\/\/kuenstlerbunt-multicolor.com\/?attachment_id=219\" class=\"wp-image-219\" srcset=\"https:\/\/kuenstlerbunt-multicolor.com\/wp-content\/uploads\/2014\/02\/Manja_070213_40979.jpg 300w, https:\/\/kuenstlerbunt-multicolor.com\/wp-content\/uploads\/2014\/02\/Manja_070213_40979-204x300.jpg 204w\" sizes=\"auto, (max-width: 300px) 100vw, 300px\" \/><\/figure><\/li><li class=\"blocks-gallery-item\"><figure><img loading=\"lazy\" decoding=\"async\" width=\"300\" height=\"407\" src=\"https:\/\/kuenstlerbunt-multicolor.com\/wp-content\/uploads\/2014\/02\/Manja_070213_40978.jpg\" alt=\"\" data-id=\"218\" data-link=\"https:\/\/kuenstlerbunt-multicolor.com\/?attachment_id=218\" class=\"wp-image-218\" srcset=\"https:\/\/kuenstlerbunt-multicolor.com\/wp-content\/uploads\/2014\/02\/Manja_070213_40978.jpg 300w, https:\/\/kuenstlerbunt-multicolor.com\/wp-content\/uploads\/2014\/02\/Manja_070213_40978-221x300.jpg 221w\" sizes=\"auto, (max-width: 300px) 100vw, 300px\" \/><\/figure><\/li><li class=\"blocks-gallery-item\"><figure><img loading=\"lazy\" decoding=\"async\" width=\"300\" height=\"416\" src=\"https:\/\/kuenstlerbunt-multicolor.com\/wp-content\/uploads\/2014\/02\/Manja_070213_40977.jpg\" alt=\"\" data-id=\"217\" data-link=\"https:\/\/kuenstlerbunt-multicolor.com\/?attachment_id=217\" class=\"wp-image-217\" srcset=\"https:\/\/kuenstlerbunt-multicolor.com\/wp-content\/uploads\/2014\/02\/Manja_070213_40977.jpg 300w, https:\/\/kuenstlerbunt-multicolor.com\/wp-content\/uploads\/2014\/02\/Manja_070213_40977-216x300.jpg 216w\" sizes=\"auto, (max-width: 300px) 100vw, 300px\" \/><\/figure><\/li><li class=\"blocks-gallery-item\"><figure><img loading=\"lazy\" decoding=\"async\" width=\"300\" height=\"444\" src=\"https:\/\/kuenstlerbunt-multicolor.com\/wp-content\/uploads\/2014\/02\/Manja_070213_40976.jpg\" alt=\"\" data-id=\"216\" data-link=\"https:\/\/kuenstlerbunt-multicolor.com\/?attachment_id=216\" class=\"wp-image-216\" srcset=\"https:\/\/kuenstlerbunt-multicolor.com\/wp-content\/uploads\/2014\/02\/Manja_070213_40976.jpg 300w, https:\/\/kuenstlerbunt-multicolor.com\/wp-content\/uploads\/2014\/02\/Manja_070213_40976-202x300.jpg 202w\" sizes=\"auto, (max-width: 300px) 100vw, 300px\" \/><\/figure><\/li><li class=\"blocks-gallery-item\"><figure><img loading=\"lazy\" decoding=\"async\" width=\"300\" height=\"409\" src=\"https:\/\/kuenstlerbunt-multicolor.com\/wp-content\/uploads\/2014\/02\/Manja_070213_40975.jpg\" alt=\"\" data-id=\"215\" data-link=\"https:\/\/kuenstlerbunt-multicolor.com\/?attachment_id=215\" class=\"wp-image-215\" srcset=\"https:\/\/kuenstlerbunt-multicolor.com\/wp-content\/uploads\/2014\/02\/Manja_070213_40975.jpg 300w, https:\/\/kuenstlerbunt-multicolor.com\/wp-content\/uploads\/2014\/02\/Manja_070213_40975-220x300.jpg 220w\" sizes=\"auto, (max-width: 300px) 100vw, 300px\" \/><\/figure><\/li><li class=\"blocks-gallery-item\"><figure><img loading=\"lazy\" decoding=\"async\" width=\"300\" height=\"250\" src=\"https:\/\/kuenstlerbunt-multicolor.com\/wp-content\/uploads\/2014\/02\/Manja_070213_40886.jpg\" alt=\"\" data-id=\"205\" data-link=\"https:\/\/kuenstlerbunt-multicolor.com\/?attachment_id=205\" class=\"wp-image-205\"\/><\/figure><\/li><li class=\"blocks-gallery-item\"><figure><img loading=\"lazy\" decoding=\"async\" width=\"300\" height=\"308\" src=\"https:\/\/kuenstlerbunt-multicolor.com\/wp-content\/uploads\/2014\/02\/Manja_070213_40896.jpg\" alt=\"\" data-id=\"208\" data-link=\"https:\/\/kuenstlerbunt-multicolor.com\/?attachment_id=208\" class=\"wp-image-208\" srcset=\"https:\/\/kuenstlerbunt-multicolor.com\/wp-content\/uploads\/2014\/02\/Manja_070213_40896.jpg 300w, https:\/\/kuenstlerbunt-multicolor.com\/wp-content\/uploads\/2014\/02\/Manja_070213_40896-292x300.jpg 292w\" sizes=\"auto, (max-width: 300px) 100vw, 300px\" \/><\/figure><\/li><\/ul>\n","protected":false},"excerpt":{"rendered":"<p>Hattingen Malerin: arbeitet in \u00d6l, Acryl, Airbrush Vita Studium Graphik und Airbrush-Design am Institut f\u00fcr Ausbildung in bildender Kunst und Kunsttherapie in Bochum,Meisterklasse Professor Qi Yang; Fortbildung Europ\u00e4ische Kunstakademie Trier bei Rolf Viva, Studium Airbrush-Design Mitglied im BBK (Bundesverband bildender K\u00fcnstler) Das Kunstschaffen von Manja Dessel ist gepr\u00e4gt von intensiver Aufarbeitung eindrucksvoller Reisen, haupts\u00e4chlich in &hellip; <a href=\"https:\/\/kuenstlerbunt-multicolor.com\/?page_id=202\" class=\"more-link\"><span class=\"screen-reader-text\">Manja Dessel<\/span> weiterlesen <span class=\"meta-nav\">&rarr;<\/span><\/a><\/p>\n","protected":false},"author":1,"featured_media":0,"parent":0,"menu_order":0,"comment_status":"closed","ping_status":"closed","template":"","meta":{"ngg_post_thumbnail":0,"footnotes":""},"class_list":["post-202","page","type-page","status-publish","hentry"],"_links":{"self":[{"href":"https:\/\/kuenstlerbunt-multicolor.com\/index.php?rest_route=\/wp\/v2\/pages\/202","targetHints":{"allow":["GET"]}}],"collection":[{"href":"https:\/\/kuenstlerbunt-multicolor.com\/index.php?rest_route=\/wp\/v2\/pages"}],"about":[{"href":"https:\/\/kuenstlerbunt-multicolor.com\/index.php?rest_route=\/wp\/v2\/types\/page"}],"author":[{"embeddable":true,"href":"https:\/\/kuenstlerbunt-multicolor.com\/index.php?rest_route=\/wp\/v2\/users\/1"}],"replies":[{"embeddable":true,"href":"https:\/\/kuenstlerbunt-multicolor.com\/index.php?rest_route=%2Fwp%2Fv2%2Fcomments&post=202"}],"version-history":[{"count":20,"href":"https:\/\/kuenstlerbunt-multicolor.com\/index.php?rest_route=\/wp\/v2\/pages\/202\/revisions"}],"predecessor-version":[{"id":1432,"href":"https:\/\/kuenstlerbunt-multicolor.com\/index.php?rest_route=\/wp\/v2\/pages\/202\/revisions\/1432"}],"wp:attachment":[{"href":"https:\/\/kuenstlerbunt-multicolor.com\/index.php?rest_route=%2Fwp%2Fv2%2Fmedia&parent=202"}],"curies":[{"name":"wp","href":"https:\/\/api.w.org\/{rel}","templated":true}]}}