{"id":1885,"date":"2024-09-23T17:21:31","date_gmt":"2024-09-23T17:21:31","guid":{"rendered":"https:\/\/kuenstlerbunt-multicolor.com\/?page_id=1885"},"modified":"2024-10-28T20:29:08","modified_gmt":"2024-10-28T20:29:08","slug":"ina-grothues-middelhaufe","status":"publish","type":"page","link":"https:\/\/kuenstlerbunt-multicolor.com\/?page_id=1885","title":{"rendered":"Ina Grothues-Middelhaufe"},"content":{"rendered":"\n<p><strong>Grafikerin, Yoga Coach, K\u00fcnstlerin<\/strong><\/p>\n\n\n\n<div class=\"wp-block-media-text is-stacked-on-mobile\"><figure class=\"wp-block-media-text__media\"><img loading=\"lazy\" decoding=\"async\" width=\"1015\" height=\"1024\" src=\"https:\/\/kuenstlerbunt-multicolor.com\/wp-content\/uploads\/2024\/10\/IMG_2212-1015x1024.jpg\" alt=\"\" class=\"wp-image-1913 size-full\" srcset=\"https:\/\/kuenstlerbunt-multicolor.com\/wp-content\/uploads\/2024\/10\/IMG_2212-1015x1024.jpg 1015w, https:\/\/kuenstlerbunt-multicolor.com\/wp-content\/uploads\/2024\/10\/IMG_2212-297x300.jpg 297w, https:\/\/kuenstlerbunt-multicolor.com\/wp-content\/uploads\/2024\/10\/IMG_2212-150x150.jpg 150w, https:\/\/kuenstlerbunt-multicolor.com\/wp-content\/uploads\/2024\/10\/IMG_2212-768x775.jpg 768w, https:\/\/kuenstlerbunt-multicolor.com\/wp-content\/uploads\/2024\/10\/IMG_2212-1522x1536.jpg 1522w, https:\/\/kuenstlerbunt-multicolor.com\/wp-content\/uploads\/2024\/10\/IMG_2212-2029x2048.jpg 2029w\" sizes=\"auto, (max-width: 1015px) 100vw, 1015px\" \/><\/figure><div class=\"wp-block-media-text__content\">\n<p>WERTSTOFF, 1m<sup>2<\/sup> Europa auf Leinwand,\u00a0 <br>collagiert\u00a0je 10&#215;10 cm 81 Quadrate<\/p>\n\n\n\n<p><\/p>\n<\/div><\/div>\n\n\n\n<div class=\"wp-block-media-text is-stacked-on-mobile is-vertically-aligned-top\"><figure class=\"wp-block-media-text__media\"><img loading=\"lazy\" decoding=\"async\" width=\"320\" height=\"318\" src=\"https:\/\/kuenstlerbunt-multicolor.com\/wp-content\/uploads\/2024\/10\/IMG_2274.jpg\" alt=\"\" class=\"wp-image-1914 size-full\" srcset=\"https:\/\/kuenstlerbunt-multicolor.com\/wp-content\/uploads\/2024\/10\/IMG_2274.jpg 320w, https:\/\/kuenstlerbunt-multicolor.com\/wp-content\/uploads\/2024\/10\/IMG_2274-300x298.jpg 300w, https:\/\/kuenstlerbunt-multicolor.com\/wp-content\/uploads\/2024\/10\/IMG_2274-150x150.jpg 150w\" sizes=\"auto, (max-width: 320px) 100vw, 320px\" \/><\/figure><div class=\"wp-block-media-text__content\">\n<p><br><\/p>\n\n\n\n<p>EINHEIT Harmonie &amp; Unendlichkeit\u00a0,<br>\u00d6lkreide auf Papier 80&#215;80 cm<\/p>\n<\/div><\/div>\n\n\n\n<p><\/p>\n\n\n\n<figure class=\"wp-block-gallery has-nested-images columns-default is-cropped wp-block-gallery-1 is-layout-flex wp-block-gallery-is-layout-flex\">\n<figure class=\"wp-block-image size-large\"><a href=\"https:\/\/kuenstlerbunt-multicolor.com\/wp-content\/uploads\/2024\/10\/IMG_2461-scaled.jpg\"><img loading=\"lazy\" decoding=\"async\" width=\"690\" height=\"1024\" data-id=\"1916\" src=\"https:\/\/kuenstlerbunt-multicolor.com\/wp-content\/uploads\/2024\/10\/IMG_2461-690x1024.jpg\" alt=\"\" class=\"wp-image-1916\" srcset=\"https:\/\/kuenstlerbunt-multicolor.com\/wp-content\/uploads\/2024\/10\/IMG_2461-690x1024.jpg 690w, https:\/\/kuenstlerbunt-multicolor.com\/wp-content\/uploads\/2024\/10\/IMG_2461-202x300.jpg 202w, https:\/\/kuenstlerbunt-multicolor.com\/wp-content\/uploads\/2024\/10\/IMG_2461-768x1140.jpg 768w, https:\/\/kuenstlerbunt-multicolor.com\/wp-content\/uploads\/2024\/10\/IMG_2461-1035x1536.jpg 1035w, https:\/\/kuenstlerbunt-multicolor.com\/wp-content\/uploads\/2024\/10\/IMG_2461-1379x2048.jpg 1379w, https:\/\/kuenstlerbunt-multicolor.com\/wp-content\/uploads\/2024\/10\/IMG_2461-scaled.jpg 1724w\" sizes=\"auto, (max-width: 690px) 100vw, 690px\" \/><\/a><\/figure>\n\n\n\n<figure class=\"wp-block-image size-large\"><a href=\"https:\/\/kuenstlerbunt-multicolor.com\/wp-content\/uploads\/2024\/10\/IMG_2304-rotated.jpg\"><img loading=\"lazy\" decoding=\"async\" width=\"240\" height=\"320\" data-id=\"1915\" src=\"https:\/\/kuenstlerbunt-multicolor.com\/wp-content\/uploads\/2024\/10\/IMG_2304-rotated.jpg\" alt=\"\" class=\"wp-image-1915\" srcset=\"https:\/\/kuenstlerbunt-multicolor.com\/wp-content\/uploads\/2024\/10\/IMG_2304-rotated.jpg 240w, https:\/\/kuenstlerbunt-multicolor.com\/wp-content\/uploads\/2024\/10\/IMG_2304-225x300.jpg 225w\" sizes=\"auto, (max-width: 240px) 100vw, 240px\" \/><\/a><\/figure>\n<\/figure>\n\n\n\n<div class=\"wp-block-columns are-vertically-aligned-top is-layout-flex wp-container-core-columns-is-layout-9d6595d7 wp-block-columns-is-layout-flex\">\n<div class=\"wp-block-column is-vertically-aligned-top is-layout-flow wp-block-column-is-layout-flow\" style=\"flex-basis:100%\">\n<p>\u00a0IMPRESSION Papier 27x12cm                                          VERG\u00c4NGLICH Papier, Holz 40&#215;40 cm<\/p>\n<\/div>\n<\/div>\n\n\n\n<p><strong>Vita<\/strong><br><strong><em>1988 \u2013 1993<\/em><\/strong> Studium Grafik Design, an der Fachhochschule Dortmund<br><strong><em>1989 \u2013 1991 <\/em><\/strong>Au\u00dfen Gestaltung individueller Plakatw\u00e4nde<br><strong><em>1992 \u2013 1996<\/em><\/strong> Grafikerin in einer Bochumer Werbeagentur<br><strong><em>1997 &#8211; 2002<\/em><\/strong> Freie- und Auftragsarbeiten, Kreativer Spielraum um Neues entstehen zu lassen &#8211; Experimentelles arbeiten mit Stoff, Holz, Metall, Papier und Wertstoffen, upcycling Collagen &amp; Objekt Design mit Holz, Grafik und Gestaltung im Marketing, Gestaltung und Erstellung zur Pr\u00e4gung von M\u00fcnzen &amp; Medaillen, Programm Gestaltung f\u00fcr ein Kom\u00f6die Theater<br><strong>2003 \u2013 2006<\/strong> Malschule f\u00fcr Kinder &amp; Erwachsene, sowie Ausstellungen<br><strong>2006 \u2013 2008<\/strong> Vertrieb von Kunstkarten &#8211; die Kunstkarte<br><strong>2009 \u2013 2012<\/strong> Kreatives Arbeiten, abseits von Malern und Bildhauern mit Kindern<br><strong>2013 \u2013 2020<\/strong> Yoga &amp; Malen &#8211; freiberuflich Spiritual Artist und Yoga Coach, Kreativit\u00e4t entdecken und ausdr\u00fccken. Intuitives Malen, spielerischer Umgang mit Form &amp; Farbe<br><strong>2023<\/strong> Mitglied im &#8222;<em>K\u00fcnstlerbunt Multicolor<\/em>&#8222;<br><strong>2024<\/strong> M\u00e4rz\/April \u201e1qm Europa\u201c Gruppenausstellung, Kulturhistorisches Museum Haus Kemnade<\/p>\n\n\n\n<p>Derzeit entsteht ein Werk \u201eeinander\u201c. Was durch Musik beseelt wird und die K\u00fcnstler ob fotografisch, malerisch oder in Objektform sich inspirieren lassen. Durch Musik und Kunst kann man einen anderen Zugang zu Menschen bekommen. Jegliche k\u00fcnstlerische Aktion setzt einen Impuls frei. Ausstellungstermin steht noch nicht fest.<\/p>\n\n\n\n<p>Kontakt: <a href=\"mailto:ina-grothues-middel@t-online.de\">ina-grothues-middel@t-online.de<\/a><\/p>\n\n\n\n<p><\/p>\n","protected":false},"excerpt":{"rendered":"<p>Grafikerin, Yoga Coach, K\u00fcnstlerin WERTSTOFF, 1m2 Europa auf Leinwand,\u00a0 collagiert\u00a0je 10&#215;10 cm 81 Quadrate EINHEIT Harmonie &amp; Unendlichkeit\u00a0,\u00d6lkreide auf Papier 80&#215;80 cm \u00a0IMPRESSION Papier 27x12cm VERG\u00c4NGLICH Papier, Holz 40&#215;40 cm Vita1988 \u2013 1993 Studium Grafik Design, an der Fachhochschule Dortmund1989 \u2013 1991 Au\u00dfen Gestaltung individueller Plakatw\u00e4nde1992 \u2013 1996 Grafikerin in einer Bochumer Werbeagentur1997 &#8211; 2002 &hellip; <a href=\"https:\/\/kuenstlerbunt-multicolor.com\/?page_id=1885\" class=\"more-link\"><span class=\"screen-reader-text\">Ina Grothues-Middelhaufe<\/span> weiterlesen <span class=\"meta-nav\">&rarr;<\/span><\/a><\/p>\n","protected":false},"author":1,"featured_media":0,"parent":0,"menu_order":0,"comment_status":"closed","ping_status":"closed","template":"","meta":{"ngg_post_thumbnail":0,"footnotes":""},"class_list":["post-1885","page","type-page","status-publish","hentry"],"_links":{"self":[{"href":"https:\/\/kuenstlerbunt-multicolor.com\/index.php?rest_route=\/wp\/v2\/pages\/1885","targetHints":{"allow":["GET"]}}],"collection":[{"href":"https:\/\/kuenstlerbunt-multicolor.com\/index.php?rest_route=\/wp\/v2\/pages"}],"about":[{"href":"https:\/\/kuenstlerbunt-multicolor.com\/index.php?rest_route=\/wp\/v2\/types\/page"}],"author":[{"embeddable":true,"href":"https:\/\/kuenstlerbunt-multicolor.com\/index.php?rest_route=\/wp\/v2\/users\/1"}],"replies":[{"embeddable":true,"href":"https:\/\/kuenstlerbunt-multicolor.com\/index.php?rest_route=%2Fwp%2Fv2%2Fcomments&post=1885"}],"version-history":[{"count":5,"href":"https:\/\/kuenstlerbunt-multicolor.com\/index.php?rest_route=\/wp\/v2\/pages\/1885\/revisions"}],"predecessor-version":[{"id":1921,"href":"https:\/\/kuenstlerbunt-multicolor.com\/index.php?rest_route=\/wp\/v2\/pages\/1885\/revisions\/1921"}],"wp:attachment":[{"href":"https:\/\/kuenstlerbunt-multicolor.com\/index.php?rest_route=%2Fwp%2Fv2%2Fmedia&parent=1885"}],"curies":[{"name":"wp","href":"https:\/\/api.w.org\/{rel}","templated":true}]}}