{"id":1804,"date":"2024-01-15T22:09:52","date_gmt":"2024-01-15T22:09:52","guid":{"rendered":"https:\/\/kuenstlerbunt-multicolor.com\/?page_id=1804"},"modified":"2025-01-24T18:25:42","modified_gmt":"2025-01-24T18:25:42","slug":"monika-drobeck","status":"publish","type":"page","link":"https:\/\/kuenstlerbunt-multicolor.com\/?page_id=1804","title":{"rendered":"Monika Drobeck"},"content":{"rendered":"\n<figure class=\"wp-block-image size-large is-resized\"><a href=\"https:\/\/kuenstlerbunt-multicolor.com\/wp-content\/uploads\/2024\/05\/DSC_0110-2k.jpg\"><img loading=\"lazy\" decoding=\"async\" width=\"1024\" height=\"702\" src=\"https:\/\/kuenstlerbunt-multicolor.com\/wp-content\/uploads\/2024\/05\/DSC_0110-2k-1024x702.jpg\" alt=\"\" class=\"wp-image-1824\" style=\"width:267px;height:auto\" srcset=\"https:\/\/kuenstlerbunt-multicolor.com\/wp-content\/uploads\/2024\/05\/DSC_0110-2k-1024x702.jpg 1024w, https:\/\/kuenstlerbunt-multicolor.com\/wp-content\/uploads\/2024\/05\/DSC_0110-2k-300x206.jpg 300w, https:\/\/kuenstlerbunt-multicolor.com\/wp-content\/uploads\/2024\/05\/DSC_0110-2k-768x527.jpg 768w, https:\/\/kuenstlerbunt-multicolor.com\/wp-content\/uploads\/2024\/05\/DSC_0110-2k-1536x1053.jpg 1536w, https:\/\/kuenstlerbunt-multicolor.com\/wp-content\/uploads\/2024\/05\/DSC_0110-2k.jpg 1722w\" sizes=\"auto, (max-width: 1024px) 100vw, 1024px\" \/><\/a><\/figure>\n\n\n\n<p>Die \u00c4sthetik der Natur, Transformation, Erneuerung und Verg\u00e4nglichkeit sind Themen, die die K\u00fcnstlerin, Monika Drobeck, haupts\u00e4chlich besch\u00e4ftigen und immer wieder in ihren Bildern enthalten sind. Deshalb arbeitet sie k\u00fcnstlerisch haupts\u00e4chlich mit organischen Materialien. Dabei untersucht sie deren Beschaffenheit und experimentiert mit den vielf\u00e4ltigen M\u00f6glichkeiten der Umwandlung, die diese Materialien bieten. Papier ist ein organischer Werkstoff, der besonders fasziniert und ber\u00fchrt. Seine Leichtigkeit und Fragilit\u00e4t und zugleich St\u00e4rke und Stabilit\u00e4t tr\u00e4gt eine unverwechselbare nat\u00fcrliche Sch\u00f6nheit und Einzigartigkeit in sich. Jede Faserart hat ihre speziellen Charaktereigenschaften und kann&nbsp;dementsprechend bewusst eingesetzt werden. Papier kann leicht, zart,&nbsp;verletzlich, transparent, aber auch z\u00e4h, fest und&nbsp;lichtundurchl\u00e4ssig sein. Bei der Arbeit mit dem nat\u00fcrlichen Material werden die einzelnen Elemente bewusst ver\u00e4ndert oder zerlegt und in neue Formen und Texturen transformiert. Dabei bleiben die charakteristischen Merkmale erhalten und sind weiter sichtbar.<\/p>\n\n\n\n<figure class=\"wp-block-gallery has-nested-images columns-default is-cropped wp-block-gallery-1 is-layout-flex wp-block-gallery-is-layout-flex\">\n<figure class=\"wp-block-image size-large is-style-default\"><a href=\"https:\/\/kuenstlerbunt-multicolor.com\/wp-content\/uploads\/2024\/05\/20230825_172623-2k.jpg\"><img loading=\"lazy\" decoding=\"async\" width=\"1024\" height=\"485\" data-id=\"1826\" src=\"https:\/\/kuenstlerbunt-multicolor.com\/wp-content\/uploads\/2024\/05\/20230825_172623-2k-1024x485.jpg\" alt=\"\" class=\"wp-image-1826\" srcset=\"https:\/\/kuenstlerbunt-multicolor.com\/wp-content\/uploads\/2024\/05\/20230825_172623-2k-1024x485.jpg 1024w, https:\/\/kuenstlerbunt-multicolor.com\/wp-content\/uploads\/2024\/05\/20230825_172623-2k-300x142.jpg 300w, https:\/\/kuenstlerbunt-multicolor.com\/wp-content\/uploads\/2024\/05\/20230825_172623-2k-768x363.jpg 768w, https:\/\/kuenstlerbunt-multicolor.com\/wp-content\/uploads\/2024\/05\/20230825_172623-2k-1536x727.jpg 1536w, https:\/\/kuenstlerbunt-multicolor.com\/wp-content\/uploads\/2024\/05\/20230825_172623-2k-2048x969.jpg 2048w\" sizes=\"auto, (max-width: 1024px) 100vw, 1024px\" \/><\/a><\/figure>\n\n\n\n<figure class=\"wp-block-image size-large\"><a href=\"https:\/\/kuenstlerbunt-multicolor.com\/wp-content\/uploads\/2024\/05\/20230825_173051-1-scaled.jpg\"><img loading=\"lazy\" decoding=\"async\" width=\"709\" height=\"1024\" data-id=\"1827\" src=\"https:\/\/kuenstlerbunt-multicolor.com\/wp-content\/uploads\/2024\/05\/20230825_173051-1-709x1024.jpg\" alt=\"\" class=\"wp-image-1827\" srcset=\"https:\/\/kuenstlerbunt-multicolor.com\/wp-content\/uploads\/2024\/05\/20230825_173051-1-709x1024.jpg 709w, https:\/\/kuenstlerbunt-multicolor.com\/wp-content\/uploads\/2024\/05\/20230825_173051-1-208x300.jpg 208w, https:\/\/kuenstlerbunt-multicolor.com\/wp-content\/uploads\/2024\/05\/20230825_173051-1-768x1109.jpg 768w, https:\/\/kuenstlerbunt-multicolor.com\/wp-content\/uploads\/2024\/05\/20230825_173051-1-1064x1536.jpg 1064w, https:\/\/kuenstlerbunt-multicolor.com\/wp-content\/uploads\/2024\/05\/20230825_173051-1-1419x2048.jpg 1419w, https:\/\/kuenstlerbunt-multicolor.com\/wp-content\/uploads\/2024\/05\/20230825_173051-1-scaled.jpg 1773w\" sizes=\"auto, (max-width: 709px) 100vw, 709px\" \/><\/a><\/figure>\n<\/figure>\n\n\n\n<p><a>Vita<\/a><\/p>\n\n\n\n<p>Lebt und arbeitet in Bochum&nbsp;&nbsp;&nbsp;&nbsp;&nbsp;&nbsp;&nbsp;&nbsp;&nbsp;&nbsp;&nbsp;&nbsp;&nbsp;&nbsp;&nbsp;&nbsp;&nbsp;&nbsp;&nbsp;&nbsp;&nbsp;&nbsp;&nbsp;&nbsp;&nbsp;&nbsp;&nbsp;&nbsp;&nbsp;&nbsp;&nbsp;&nbsp;&nbsp;&nbsp;&nbsp;&nbsp;&nbsp;&nbsp;&nbsp;&nbsp;&nbsp;&nbsp;&nbsp;&nbsp;&nbsp;&nbsp;&nbsp;&nbsp;&nbsp;&nbsp;&nbsp;&nbsp;&nbsp;&nbsp;&nbsp;&nbsp;&nbsp;<\/p>\n\n\n\n<p>1994 Studium Medienp\u00e4dagogik<br>2002 Fortbildung tiefenpsychologisch fundierte Kunsttherapie (DFKGT)<br>2007 Fachausbildung Begleitetes Malen<br>2008 Leiterin der KREATIVwerkstatt, M\u00fclheim a.d.R.<br>2009 Mentorin beim Institut f\u00fcr Kunsttherapie, M\u00fclheim a.d.R.<br>2018 Sch\u00fclerin von Gabriele Musebrink, Process Painting of Intuitive Power<br>2021 Sch\u00fclerin von Traudel Stahl, Papierkunst<\/p>\n\n\n\n<p>Mitglied im K\u00fcnstlerBunt <em>MultiColor<\/em><br><em>Mitglied bei IAPMA e.V.<\/em> <em>(International Association of Hand Papermakers and Paper Artists)<\/em><\/p>\n\n\n\n<p><em><strong>Einzelausstellungen<\/strong><\/em><br><em>2024 \u201eDie Lebendigkeit der Textur in Papier, Objekt und Farbe\u201c, Lutherkirche, Bochum<\/em><br><em>2023 \u201ePapierarbeiten\u201c, Kulturlinie 308\/318 Freiraum, Bochum<\/em><br><em>2011 \u201eFrauenbilder\u201c, Regionalstelle Frau und Beruf, Essen<\/em><br><em>2008 \u201eAnsichten\u201c, Orlando, Bochum<\/em><br><em>2005 \u201eQuerbeet\u201c, Regionalstelle Frau und Beruf, Essen<\/em><\/p>\n\n\n\n<p><strong><em>Gemeinschaftsausstellungen<\/em><\/strong><br>2024 \u201e1qm Europa\u201c, Museum Haus Kemnade, Bochum<br>2022 \u201eMandala\u201c, Kunst im Wald VI, Bochum<br>2013 \u201eLehmarbeit\u201c, Kunst im Wald V, Bochum<br>2010 \u201eBr\u00fcckenbau\u201c, Kunst im Wald II, Bochum<br><em>2009 \u201eLebensl\u00e4ufe\u201c, Regionalstelle Frau und Beruf, Essen<\/em><br>2008 \u201eLandmarks\u201c, Kunst im Wald I, Bochum 2008 \u201eOhrenblicke&nbsp; &#8211; ein syn\u00e4sthetisches Festival\u201c, Stanzwerk, Bochum<\/p>\n\n\n\n<p><strong>Versteinerungen<\/strong><br>Die Serie &#8222;Versteinerungen&#8220; zeichnet sich durch die Verwendung von Steinmehlen wie Sumpfkalk und Marmormehl sowie nat\u00fcrlichen Pigmenten aus. Jedes dieser Materialien besitzt eine einzigartige Qualit\u00e4t und tr\u00e4gt seine eigenen Merkmale in sich. Beim Auftragen einzelner Schichten mit unterschiedlichen Materialien werden visuelle Texturen und Strukturen gesetzt. Mit der Einwirkung von Zeit setzt ein nat\u00fcrlicher Erosions- bzw. Transformationsprozess ein. Sichtbar bleiben Spuren von Verwitterung und Verfall, wie Rissbildung, verf\u00e4rbte Schichten, abgebl\u00e4tterte Farben und unregelm\u00e4\u00dfige Oberfl\u00e4chen. Diese verleihen dem Kunstwerk eine besondere Tiefe und Authentizit\u00e4t, die seine individuelle Geschichte und Charakteristik offenbart.<\/p>\n\n\n\n<figure class=\"wp-block-gallery has-nested-images columns-default is-cropped wp-block-gallery-2 is-layout-flex wp-block-gallery-is-layout-flex\">\n<figure class=\"wp-block-image size-large\"><a href=\"https:\/\/kuenstlerbunt-multicolor.com\/wp-content\/uploads\/2024\/05\/03_7544aus.jpg\"><img loading=\"lazy\" decoding=\"async\" width=\"1024\" height=\"719\" data-id=\"1830\" src=\"https:\/\/kuenstlerbunt-multicolor.com\/wp-content\/uploads\/2024\/05\/03_7544aus-1024x719.jpg\" alt=\"\" class=\"wp-image-1830\" srcset=\"https:\/\/kuenstlerbunt-multicolor.com\/wp-content\/uploads\/2024\/05\/03_7544aus-1024x719.jpg 1024w, https:\/\/kuenstlerbunt-multicolor.com\/wp-content\/uploads\/2024\/05\/03_7544aus-300x211.jpg 300w, https:\/\/kuenstlerbunt-multicolor.com\/wp-content\/uploads\/2024\/05\/03_7544aus-768x539.jpg 768w, https:\/\/kuenstlerbunt-multicolor.com\/wp-content\/uploads\/2024\/05\/03_7544aus-1536x1078.jpg 1536w, https:\/\/kuenstlerbunt-multicolor.com\/wp-content\/uploads\/2024\/05\/03_7544aus.jpg 1683w\" sizes=\"auto, (max-width: 1024px) 100vw, 1024px\" \/><\/a><\/figure>\n\n\n\n<figure class=\"wp-block-image size-large\"><a href=\"https:\/\/kuenstlerbunt-multicolor.com\/wp-content\/uploads\/2024\/05\/03_7544k.jpg\"><img loading=\"lazy\" decoding=\"async\" width=\"1024\" height=\"633\" data-id=\"1828\" src=\"https:\/\/kuenstlerbunt-multicolor.com\/wp-content\/uploads\/2024\/05\/03_7544k-1024x633.jpg\" alt=\"\" class=\"wp-image-1828\" srcset=\"https:\/\/kuenstlerbunt-multicolor.com\/wp-content\/uploads\/2024\/05\/03_7544k-1024x633.jpg 1024w, https:\/\/kuenstlerbunt-multicolor.com\/wp-content\/uploads\/2024\/05\/03_7544k-300x185.jpg 300w, https:\/\/kuenstlerbunt-multicolor.com\/wp-content\/uploads\/2024\/05\/03_7544k-768x474.jpg 768w, https:\/\/kuenstlerbunt-multicolor.com\/wp-content\/uploads\/2024\/05\/03_7544k-1536x949.jpg 1536w, https:\/\/kuenstlerbunt-multicolor.com\/wp-content\/uploads\/2024\/05\/03_7544k.jpg 1912w\" sizes=\"auto, (max-width: 1024px) 100vw, 1024px\" \/><\/a><\/figure>\n\n\n\n<figure class=\"wp-block-image size-large\"><a href=\"https:\/\/kuenstlerbunt-multicolor.com\/wp-content\/uploads\/2024\/05\/DSC_0188-2k.jpg\"><img loading=\"lazy\" decoding=\"async\" width=\"1024\" height=\"1024\" data-id=\"1831\" src=\"https:\/\/kuenstlerbunt-multicolor.com\/wp-content\/uploads\/2024\/05\/DSC_0188-2k-1024x1024.jpg\" alt=\"\" class=\"wp-image-1831\" srcset=\"https:\/\/kuenstlerbunt-multicolor.com\/wp-content\/uploads\/2024\/05\/DSC_0188-2k-1024x1024.jpg 1024w, https:\/\/kuenstlerbunt-multicolor.com\/wp-content\/uploads\/2024\/05\/DSC_0188-2k-300x300.jpg 300w, https:\/\/kuenstlerbunt-multicolor.com\/wp-content\/uploads\/2024\/05\/DSC_0188-2k-150x150.jpg 150w, https:\/\/kuenstlerbunt-multicolor.com\/wp-content\/uploads\/2024\/05\/DSC_0188-2k-768x768.jpg 768w, https:\/\/kuenstlerbunt-multicolor.com\/wp-content\/uploads\/2024\/05\/DSC_0188-2k.jpg 1181w\" sizes=\"auto, (max-width: 1024px) 100vw, 1024px\" \/><\/a><\/figure>\n\n\n\n<figure class=\"wp-block-image size-large\"><a href=\"https:\/\/kuenstlerbunt-multicolor.com\/wp-content\/uploads\/2024\/05\/rinde-4.jpg\"><img loading=\"lazy\" decoding=\"async\" width=\"1024\" height=\"655\" data-id=\"1829\" src=\"https:\/\/kuenstlerbunt-multicolor.com\/wp-content\/uploads\/2024\/05\/rinde-4-1024x655.jpg\" alt=\"\" class=\"wp-image-1829\" srcset=\"https:\/\/kuenstlerbunt-multicolor.com\/wp-content\/uploads\/2024\/05\/rinde-4-1024x655.jpg 1024w, https:\/\/kuenstlerbunt-multicolor.com\/wp-content\/uploads\/2024\/05\/rinde-4-300x192.jpg 300w, https:\/\/kuenstlerbunt-multicolor.com\/wp-content\/uploads\/2024\/05\/rinde-4-768x491.jpg 768w, https:\/\/kuenstlerbunt-multicolor.com\/wp-content\/uploads\/2024\/05\/rinde-4.jpg 1194w\" sizes=\"auto, (max-width: 1024px) 100vw, 1024px\" \/><\/a><\/figure>\n<\/figure>\n\n\n\n<p>Kontakt: m.drobeck@gmx.de  &#8211; <a href=\"http:\/\/www.monikadrobeck.de\">www.monikadrobeck.de<\/a><\/p>\n","protected":false},"excerpt":{"rendered":"<p>Die \u00c4sthetik der Natur, Transformation, Erneuerung und Verg\u00e4nglichkeit sind Themen, die die K\u00fcnstlerin, Monika Drobeck, haupts\u00e4chlich besch\u00e4ftigen und immer wieder in ihren Bildern enthalten sind. Deshalb arbeitet sie k\u00fcnstlerisch haupts\u00e4chlich mit organischen Materialien. Dabei untersucht sie deren Beschaffenheit und experimentiert mit den vielf\u00e4ltigen M\u00f6glichkeiten der Umwandlung, die diese Materialien bieten. Papier ist ein organischer Werkstoff, &hellip; <a href=\"https:\/\/kuenstlerbunt-multicolor.com\/?page_id=1804\" class=\"more-link\"><span class=\"screen-reader-text\">Monika Drobeck<\/span> weiterlesen <span class=\"meta-nav\">&rarr;<\/span><\/a><\/p>\n","protected":false},"author":1,"featured_media":0,"parent":0,"menu_order":0,"comment_status":"closed","ping_status":"closed","template":"","meta":{"ngg_post_thumbnail":0,"footnotes":""},"class_list":["post-1804","page","type-page","status-publish","hentry"],"_links":{"self":[{"href":"https:\/\/kuenstlerbunt-multicolor.com\/index.php?rest_route=\/wp\/v2\/pages\/1804","targetHints":{"allow":["GET"]}}],"collection":[{"href":"https:\/\/kuenstlerbunt-multicolor.com\/index.php?rest_route=\/wp\/v2\/pages"}],"about":[{"href":"https:\/\/kuenstlerbunt-multicolor.com\/index.php?rest_route=\/wp\/v2\/types\/page"}],"author":[{"embeddable":true,"href":"https:\/\/kuenstlerbunt-multicolor.com\/index.php?rest_route=\/wp\/v2\/users\/1"}],"replies":[{"embeddable":true,"href":"https:\/\/kuenstlerbunt-multicolor.com\/index.php?rest_route=%2Fwp%2Fv2%2Fcomments&post=1804"}],"version-history":[{"count":4,"href":"https:\/\/kuenstlerbunt-multicolor.com\/index.php?rest_route=\/wp\/v2\/pages\/1804\/revisions"}],"predecessor-version":[{"id":2005,"href":"https:\/\/kuenstlerbunt-multicolor.com\/index.php?rest_route=\/wp\/v2\/pages\/1804\/revisions\/2005"}],"wp:attachment":[{"href":"https:\/\/kuenstlerbunt-multicolor.com\/index.php?rest_route=%2Fwp%2Fv2%2Fmedia&parent=1804"}],"curies":[{"name":"wp","href":"https:\/\/api.w.org\/{rel}","templated":true}]}}