{"id":1795,"date":"2024-01-14T21:35:20","date_gmt":"2024-01-14T21:35:20","guid":{"rendered":"https:\/\/kuenstlerbunt-multicolor.com\/?page_id=1795"},"modified":"2026-01-10T16:18:14","modified_gmt":"2026-01-10T16:18:14","slug":"karin-hafermalz","status":"publish","type":"page","link":"https:\/\/kuenstlerbunt-multicolor.com\/?page_id=1795","title":{"rendered":"Karin Hafermalz"},"content":{"rendered":"\n<p>Diplom-Bildhauerin<\/p>\n\n\n\n<h2 class=\"wp-block-heading\" id=\"h.r0hvbedw30a9_l\">Ich baue GE-SCHICHTEN, erz\u00e4hle und verdichte Sinn.<\/h2>\n\n\n\n<p>Vita<\/p>\n\n\n\n<p>1984 Zuerkennung K\u00fcnstlerisch-gestalterischer Eignung durch FH Dortmund (Fachbereich Objekt-Design), lernte 1985 Modellbautechniken im Restaurierungsstudio des Deutschen Bergbaumuseums<\/p>\n\n\n\n<p>1986 &#8211; 2006&nbsp;Organisation j\u00e4hrlicher Ausstellungen bildender K\u00fcnstler in verschiedenen Zusammenh\u00e4ngen (2005 Halle XII Zeche Zollverein)<\/p>\n\n\n\n<p>1991 syn\u00e4sthetische Interaktion: \u201eVor\u00fcbergehende Zust\u00e4nde\u201c mit Papierarbeiten in Essen, \u201eAlte Villa\u201c \u2013 Horsterstra\u00dfe 9<\/p>\n\n\n\n<p>Okt. 2008 &#8211; Nov. 2014 Studium der Bildhauerei mit Abschluss Diplom am \u201eInstitut f\u00fcr Ausbildung in bildender Kunst und Kunsttherapie\u201c (IBKK), Bochum<\/p>\n\n\n\n<p>Seit 2009&nbsp;k\u00fcnstlerische Wand- und Raumgestaltung bei Sinn-Bild-Form<\/p>\n\n\n\n<p>Mitarbeit bei Interaktionskunst im \u00f6ffentlichen Raum:<\/p>\n\n\n\n<p>2009 Kunst im Wald I \u2013 Landmarks<br>2010 Kunst im Wald II \u2013 Br\u00fcckenbau<br>2011 Kunst im Wald III Skulpturengarten<br>2012 Kunst im Wald IV \u2013 Wilde Tiere<br>2013 Kunst im Wald V \u2013 Lehmarbeit<br>2022 Kunst im Wald VI &#8211; Mandala<\/p>\n\n\n\n<p>September-Okt. 2011 Teilnahme an Gruppenausstellung \u201eJunge Kunst\u201c im IBKK<\/p>\n\n\n\n<p>Seit Dezember 2011 &nbsp; Dauerausstellung des \u201eBubo Bubo&#8220; in der Stadtb\u00fccherei Bochum mit&nbsp; &nbsp; &nbsp; &nbsp; &nbsp; interaktiven Lesungen klassischer Literatur<\/p>\n\n\n\n<p>November 2011 &nbsp; &nbsp; &nbsp; Gastausstellerin im Kunstmarkt von H.D. G\u00f6lzenleuchter<\/p>\n\n\n\n<p>Seit August 2012 &nbsp; &nbsp; Kunstaktionen mit Kindern<\/p>\n\n\n\n<p>Dezember 2013 &nbsp; &nbsp; &nbsp; Teilnahme an \u201e42. kunst auktion\u201c im &#8218;Tanas&#8216; Kammerspiele Bochum<\/p>\n\n\n\n<p>Juni-August 2015 &nbsp; Teilnahme an Ausstellung \u201eFrauenrechte\u201c beim Bund intern. K\u00fcnstler*innen<\/p>\n\n\n\n<p>Juni 2015 &nbsp; &nbsp; &nbsp; &nbsp; &nbsp; &nbsp; &nbsp; &nbsp; Gastausstellerin bei Gruppe Ruhr im Atelier Elvira Gessner Hagen<\/p>\n\n\n\n<p>August 2016 &nbsp; &nbsp; &nbsp; &nbsp; &nbsp; &nbsp; Teilnahme an THERHINEART Bonn mit \u201eDie Kluft\u201c<\/p>\n\n\n\n<p>Seit 2022&nbsp; &nbsp; &nbsp; &nbsp; &nbsp; &nbsp; &nbsp; &nbsp; &nbsp; Figurenbau f\u00fcr die Puppenspielkunst<\/p>\n\n\n\n<p>Seit Okt. 2023 Mitarbeit im&nbsp; K\u00fcnstlerbunt Multicolor<\/p>\n\n\n\n<p>Seit Nov. 2023 Puppenbau und -spiel &#8222;Goldener Kreis&#8220;&nbsp;<\/p>\n\n\n\n<p>M\u00e4rz &#8211; April 2024 Teilnahme an Gruppenausstellung des K\u00fcnstlerBunt MultiColor &#8222;1qm Europa&#8220; im Kulturhistorischen Museum Wasserburg Kemnade mit einem Steinrelief<\/p>\n\n\n\n<p>Sept. &#8211; Okt. 2024 Ausstellung im &#8222;Schaufenster&#8220;, Altes Rathaus Hattingen, &#8222;Stadtskizzen&#8220; &#8211; <br>Gips- und Papierarbeiten<\/p>\n\n\n\n<p>Jan.-M\u00e4rz 2025 Gruppenausstellung \u201eWas ich immer schon sagen wollte\u201c <br>in der Neuen Galerie Hattingen&nbsp; &nbsp; &nbsp; &nbsp; &nbsp; &nbsp; &nbsp; &nbsp; &nbsp; &nbsp; &nbsp; &nbsp; &nbsp; &nbsp; &nbsp; &nbsp; &nbsp;&nbsp;<\/p>\n\n\n\n<p>Mai 2025 Ausstellung im &#8222;Schaufenster&#8220;, Altes Rathaus Hattingen, \u201eDas Alter\u201c <br>Papierarbeiten in Hattingen&nbsp; &nbsp;<\/p>\n\n\n\n<p>Juni 2025 Gruppenausstellung 20 Jahre Kunstraum EN e. V. &#8222;Kunst in der S\u00e4ulenhalle&#8220; <br>im Industriemuseum Ennepetal&nbsp;&nbsp;<\/p>\n\n\n\n<p>November 2025 Crossoverprojekt &#8222;einander&#8220;: Musik &#8211; Bildende Kunst &#8211; Text <br>in der Pauluskirche Bochum&nbsp; &nbsp; &nbsp;<\/p>\n\n\n\n<p>Dez. 25 &#8211; M\u00e4rz 2026 Ausstellung im Galeriefenster Hattingen&nbsp;&nbsp;<\/p>\n\n\n\n<p>Febr. &#8211; M\u00e4rz 2026  Ausstellung im &#8222;Schaufenster&#8220;, Altes Rathaus Hattingen, &#8222;Air&#8220; <br>(Resin auf Textilfahnen)<\/p>\n\n\n\n<p>November 2026 1 qm Europa in Br\u00fcssel, Steinrelief &#8222;Am Limit&#8220;<br><br>Kontakt:<br><a href=\"mailto:karin.hafermalz@ohrwelt.de\">karin hafermalz<\/a> &#8211; h\u00f6rsterholz 1b &#8211; 44879 bochum &#8211; 0234 9409817<\/p>\n\n\n\n<p><\/p>\n","protected":false},"excerpt":{"rendered":"<p>Diplom-Bildhauerin Ich baue GE-SCHICHTEN, erz\u00e4hle und verdichte Sinn. Vita 1984 Zuerkennung K\u00fcnstlerisch-gestalterischer Eignung durch FH Dortmund (Fachbereich Objekt-Design), lernte 1985 Modellbautechniken im Restaurierungsstudio des Deutschen Bergbaumuseums 1986 &#8211; 2006&nbsp;Organisation j\u00e4hrlicher Ausstellungen bildender K\u00fcnstler in verschiedenen Zusammenh\u00e4ngen (2005 Halle XII Zeche Zollverein) 1991 syn\u00e4sthetische Interaktion: \u201eVor\u00fcbergehende Zust\u00e4nde\u201c mit Papierarbeiten in Essen, \u201eAlte Villa\u201c \u2013 Horsterstra\u00dfe 9 &hellip; <a href=\"https:\/\/kuenstlerbunt-multicolor.com\/?page_id=1795\" class=\"more-link\"><span class=\"screen-reader-text\">Karin Hafermalz<\/span> weiterlesen <span class=\"meta-nav\">&rarr;<\/span><\/a><\/p>\n","protected":false},"author":1,"featured_media":0,"parent":0,"menu_order":0,"comment_status":"closed","ping_status":"closed","template":"","meta":{"ngg_post_thumbnail":0,"footnotes":""},"class_list":["post-1795","page","type-page","status-publish","hentry"],"_links":{"self":[{"href":"https:\/\/kuenstlerbunt-multicolor.com\/index.php?rest_route=\/wp\/v2\/pages\/1795","targetHints":{"allow":["GET"]}}],"collection":[{"href":"https:\/\/kuenstlerbunt-multicolor.com\/index.php?rest_route=\/wp\/v2\/pages"}],"about":[{"href":"https:\/\/kuenstlerbunt-multicolor.com\/index.php?rest_route=\/wp\/v2\/types\/page"}],"author":[{"embeddable":true,"href":"https:\/\/kuenstlerbunt-multicolor.com\/index.php?rest_route=\/wp\/v2\/users\/1"}],"replies":[{"embeddable":true,"href":"https:\/\/kuenstlerbunt-multicolor.com\/index.php?rest_route=%2Fwp%2Fv2%2Fcomments&post=1795"}],"version-history":[{"count":11,"href":"https:\/\/kuenstlerbunt-multicolor.com\/index.php?rest_route=\/wp\/v2\/pages\/1795\/revisions"}],"predecessor-version":[{"id":2301,"href":"https:\/\/kuenstlerbunt-multicolor.com\/index.php?rest_route=\/wp\/v2\/pages\/1795\/revisions\/2301"}],"wp:attachment":[{"href":"https:\/\/kuenstlerbunt-multicolor.com\/index.php?rest_route=%2Fwp%2Fv2%2Fmedia&parent=1795"}],"curies":[{"name":"wp","href":"https:\/\/api.w.org\/{rel}","templated":true}]}}