{"id":1168,"date":"2018-12-19T13:52:35","date_gmt":"2018-12-19T13:52:35","guid":{"rendered":"http:\/\/kuenstlerbunt-multicolor.com\/?page_id=1168"},"modified":"2018-12-20T17:01:17","modified_gmt":"2018-12-20T17:01:17","slug":"ulla-bebko","status":"publish","type":"page","link":"https:\/\/kuenstlerbunt-multicolor.com\/?page_id=1168","title":{"rendered":"Ulla Bebko"},"content":{"rendered":"<p>Hattingen<\/p>\n<p><strong>Vita<\/strong><\/p>\n<p>Geboren und aufgewachsen in Polen, in Hattingen lebend.<a href=\"https:\/\/kuenstlerbunt-multicolor.com\/?attachment_id=1208\" rel=\"attachment wp-att-1208\"><img loading=\"lazy\" decoding=\"async\" class=\"alignright size-medium wp-image-1208\" src=\"https:\/\/kuenstlerbunt-multicolor.com\/wp-content\/uploads\/2015\/08\/PICT1989-199x300.jpg\" alt=\"KONICA MINOLTA DIGITAL CAMERA\" width=\"199\" height=\"300\" srcset=\"https:\/\/kuenstlerbunt-multicolor.com\/wp-content\/uploads\/2015\/08\/PICT1989-199x300.jpg 199w, https:\/\/kuenstlerbunt-multicolor.com\/wp-content\/uploads\/2015\/08\/PICT1989-768x1155.jpg 768w, https:\/\/kuenstlerbunt-multicolor.com\/wp-content\/uploads\/2015\/08\/PICT1989-681x1024.jpg 681w, https:\/\/kuenstlerbunt-multicolor.com\/wp-content\/uploads\/2015\/08\/PICT1989.jpg 2000w\" sizes=\"auto, (max-width: 199px) 100vw, 199px\" \/><\/a><\/p>\n<p>Gerontologin und freischaffende K\u00fcnstlerin. International t\u00e4tig.<\/p>\n<p>Gepr\u00e4gt durch Migration und katholische Rituale. Beeindruckt durch die Prinzhorn Sammlung, DaDa und Wabisabi.<\/p>\n<p>Seit 30 Jahren gemeinsame Kunst und Kulturprojekte mit Uwe Gryzbeck\/Avantgarde Drachen und Feuerwerk\u00a0 http:\/\/www.drachenundfeuerwerk.de\/home.html<\/p>\n<p>In der k\u00fcnstlerischen Arbeit Bezug zu gesellschaftlichen Ph\u00e4nomenen.<\/p>\n<p>Bevorzugte Ausdrucksform: Installationen, Flugobjekte und genre\u00fcbergreifende Performances.<\/p>\n<p><strong>Eine Auswahl an Arbeiten:<\/strong><\/p>\n<ul>\n<li>2018 \u201eEureka Europa \u2026 im Taumel\u201c<\/li>\n<li>2017 \u201eReflektorium\u201c Installation Cervia\/Italien<\/li>\n<li>2016 \u201eGoetheexperiment\u201c Fahneninstallation \/Notre Dames de Mont\/F<\/li>\n<li>20 Jahre Bandwebereimuseum in Elfringhausen<br \/>\n&#8211; Initiierung, Organisation und Durchf\u00fchrung von Symposium und Ausstellung<\/li>\n<li>2015 \u201eAsyl\u201d Performance\/Hattingen\/An der Kost<\/li>\n<li>2014 \u201eHope &amp; Happy\u201c Fahneninstallation Dieppe\/Frankreich<\/li>\n<li>2013 \u201eBriefe an die Heimat\u201c Installation\/Asphaltvisionen\/Hachenburg<\/li>\n<li>2012<a href=\"https:\/\/www.youtube.com\/results?search_query=Ulka+vom+Polacksberg&amp;oq=Ulka+vom+Polacksberg&amp;gs_l=youtube.12...7835.18336.0.20739.20.20.0.0.0.0.179.2475.2j18.20.0...0.0...1ac.1.uhAQ9FlCNNo\" target=\"_blank\"> \u201eUlka vom Polacksberg\u201c<\/a> Performance\/Hattingen<\/li>\n<\/ul>\n<p>&nbsp;<\/p>\n","protected":false},"excerpt":{"rendered":"<p>Hattingen Vita Geboren und aufgewachsen in Polen, in Hattingen lebend. Gerontologin und freischaffende K\u00fcnstlerin. International t\u00e4tig. Gepr\u00e4gt durch Migration und katholische Rituale. Beeindruckt durch die Prinzhorn Sammlung, DaDa und Wabisabi. Seit 30 Jahren gemeinsame Kunst und Kulturprojekte mit Uwe Gryzbeck\/Avantgarde Drachen und Feuerwerk\u00a0 http:\/\/www.drachenundfeuerwerk.de\/home.html In der k\u00fcnstlerischen Arbeit Bezug zu gesellschaftlichen Ph\u00e4nomenen. Bevorzugte Ausdrucksform: Installationen, &hellip; <a href=\"https:\/\/kuenstlerbunt-multicolor.com\/?page_id=1168\" class=\"more-link\"><span class=\"screen-reader-text\">Ulla Bebko<\/span> weiterlesen <span class=\"meta-nav\">&rarr;<\/span><\/a><\/p>\n","protected":false},"author":1,"featured_media":0,"parent":0,"menu_order":0,"comment_status":"closed","ping_status":"closed","template":"","meta":{"ngg_post_thumbnail":0,"footnotes":""},"class_list":["post-1168","page","type-page","status-publish","hentry"],"_links":{"self":[{"href":"https:\/\/kuenstlerbunt-multicolor.com\/index.php?rest_route=\/wp\/v2\/pages\/1168","targetHints":{"allow":["GET"]}}],"collection":[{"href":"https:\/\/kuenstlerbunt-multicolor.com\/index.php?rest_route=\/wp\/v2\/pages"}],"about":[{"href":"https:\/\/kuenstlerbunt-multicolor.com\/index.php?rest_route=\/wp\/v2\/types\/page"}],"author":[{"embeddable":true,"href":"https:\/\/kuenstlerbunt-multicolor.com\/index.php?rest_route=\/wp\/v2\/users\/1"}],"replies":[{"embeddable":true,"href":"https:\/\/kuenstlerbunt-multicolor.com\/index.php?rest_route=%2Fwp%2Fv2%2Fcomments&post=1168"}],"version-history":[{"count":3,"href":"https:\/\/kuenstlerbunt-multicolor.com\/index.php?rest_route=\/wp\/v2\/pages\/1168\/revisions"}],"predecessor-version":[{"id":1294,"href":"https:\/\/kuenstlerbunt-multicolor.com\/index.php?rest_route=\/wp\/v2\/pages\/1168\/revisions\/1294"}],"wp:attachment":[{"href":"https:\/\/kuenstlerbunt-multicolor.com\/index.php?rest_route=%2Fwp%2Fv2%2Fmedia&parent=1168"}],"curies":[{"name":"wp","href":"https:\/\/api.w.org\/{rel}","templated":true}]}}