{"id":113,"date":"2014-01-04T22:38:03","date_gmt":"2014-01-04T22:38:03","guid":{"rendered":"http:\/\/kuenstlerbunt-multicolor.com\/?page_id=113"},"modified":"2020-06-05T02:02:01","modified_gmt":"2020-06-05T02:02:01","slug":"heinz-dieter-wallace","status":"publish","type":"page","link":"https:\/\/kuenstlerbunt-multicolor.com\/?page_id=113","title":{"rendered":"Heinz Dieter Wallace"},"content":{"rendered":"<p>Hattingen<\/p>\n<p><strong>Maler<\/strong><\/p>\n<p>Vita<a href=\"https:\/\/kuenstlerbunt-multicolor.com\/wp-content\/uploads\/2014\/01\/hd_wallace.jpg\"><img loading=\"lazy\" decoding=\"async\" class=\"size-full wp-image-118 alignleft\" src=\"https:\/\/kuenstlerbunt-multicolor.com\/wp-content\/uploads\/2014\/01\/hd_wallace.jpg\" alt=\"hd_wallace\" width=\"160\" height=\"200\" \/><\/a><\/p>\n<p>geb\u00fcrtiger Hattinger, Mitglied im K\u00fcnstlerBunt MultiColor.<\/p>\n<p>Bei einem l\u00e4ngeren Nordamerika-Aufenthalt hat sich &#8211; inspiriert von Winslow Homer und John Pike &#8211; sein bevorzugtes Interesse am Aquarellieren herausgebildet.<br \/>\nDaneben sind jedoch auch Arbeiten in anderen Techniken, wie Acryl-\/\u00d6lmalerei und Zeichnungen mit Blei- und R\u00f6telstift sowie Tusche entstanden.<\/p>\n<p>Seit 1992 Einzel- und Gruppenausstellungen, u. a.<\/p>\n<ul>\n<li>St\u00e4dtische Galerie Hattingen,<\/li>\n<li>Wasserschloss Lembeck Dorsten,<\/li>\n<li>Galerie Haus Martfeld Schwelm,<\/li>\n<li>Volksbank Sprockh\u00f6vel<\/li>\n<li>Landesmuseum WL Hattingen<\/li>\n<\/ul>\n<p>Der Darstellungsumfang seiner Arbeiten umfasst sowohl nach der Natur als auch in expressiver Stilrichtung gemalte Bilder.<\/p>\n<p>Kontakt: <a href=\"mailto:HWallace@t-online.de\">Heinz-Dieter Wallace<\/a><\/p>\n<p><a href=\"https:\/\/kuenstlerbunt-multicolor.com\/wp-content\/uploads\/2014\/01\/hd_wallace_3.jpg\"><img loading=\"lazy\" decoding=\"async\" class=\"alignleft size-full wp-image-114\" src=\"https:\/\/kuenstlerbunt-multicolor.com\/wp-content\/uploads\/2014\/01\/hd_wallace_3.jpg\" alt=\"hd_wallace_3\" width=\"300\" height=\"225\" \/><\/a><a href=\"https:\/\/kuenstlerbunt-multicolor.com\/wp-content\/uploads\/2014\/01\/hd_wallace_1.jpg\"><img loading=\"lazy\" decoding=\"async\" class=\"size-full wp-image-116 alignright\" src=\"https:\/\/kuenstlerbunt-multicolor.com\/wp-content\/uploads\/2014\/01\/hd_wallace_1.jpg\" alt=\"hd_wallace_1\" width=\"166\" height=\"225\" \/><\/a><\/p>\n<p><a href=\"https:\/\/kuenstlerbunt-multicolor.com\/wp-content\/uploads\/2014\/01\/hattingen_in_alten_fotos_hd.jpg\"><img loading=\"lazy\" decoding=\"async\" class=\"alignleft size-full wp-image-115\" src=\"https:\/\/kuenstlerbunt-multicolor.com\/wp-content\/uploads\/2014\/01\/hattingen_in_alten_fotos_hd.jpg\" alt=\"hattingen_in_alten_fotos_hd\" width=\"300\" height=\"225\" \/><\/a><a href=\"https:\/\/kuenstlerbunt-multicolor.com\/wp-content\/uploads\/2014\/01\/hd_wallace_2.jpg\"><img loading=\"lazy\" decoding=\"async\" class=\"size-full wp-image-117 alignright\" src=\"https:\/\/kuenstlerbunt-multicolor.com\/wp-content\/uploads\/2014\/01\/hd_wallace_2.jpg\" alt=\"hd_wallace_2\" width=\"184\" height=\"225\" \/><\/a><\/p>\n<p style=\"text-align: center;\">\n","protected":false},"excerpt":{"rendered":"<p>Hattingen Maler Vita geb\u00fcrtiger Hattinger, Mitglied im K\u00fcnstlerBunt MultiColor. Bei einem l\u00e4ngeren Nordamerika-Aufenthalt hat sich &#8211; inspiriert von Winslow Homer und John Pike &#8211; sein bevorzugtes Interesse am Aquarellieren herausgebildet. Daneben sind jedoch auch Arbeiten in anderen Techniken, wie Acryl-\/\u00d6lmalerei und Zeichnungen mit Blei- und R\u00f6telstift sowie Tusche entstanden. Seit 1992 Einzel- und Gruppenausstellungen, u. &hellip; <a href=\"https:\/\/kuenstlerbunt-multicolor.com\/?page_id=113\" class=\"more-link\"><span class=\"screen-reader-text\">Heinz Dieter Wallace<\/span> weiterlesen <span class=\"meta-nav\">&rarr;<\/span><\/a><\/p>\n","protected":false},"author":1,"featured_media":0,"parent":11,"menu_order":0,"comment_status":"closed","ping_status":"closed","template":"","meta":{"ngg_post_thumbnail":0,"footnotes":""},"class_list":["post-113","page","type-page","status-publish","hentry"],"_links":{"self":[{"href":"https:\/\/kuenstlerbunt-multicolor.com\/index.php?rest_route=\/wp\/v2\/pages\/113","targetHints":{"allow":["GET"]}}],"collection":[{"href":"https:\/\/kuenstlerbunt-multicolor.com\/index.php?rest_route=\/wp\/v2\/pages"}],"about":[{"href":"https:\/\/kuenstlerbunt-multicolor.com\/index.php?rest_route=\/wp\/v2\/types\/page"}],"author":[{"embeddable":true,"href":"https:\/\/kuenstlerbunt-multicolor.com\/index.php?rest_route=\/wp\/v2\/users\/1"}],"replies":[{"embeddable":true,"href":"https:\/\/kuenstlerbunt-multicolor.com\/index.php?rest_route=%2Fwp%2Fv2%2Fcomments&post=113"}],"version-history":[{"count":14,"href":"https:\/\/kuenstlerbunt-multicolor.com\/index.php?rest_route=\/wp\/v2\/pages\/113\/revisions"}],"predecessor-version":[{"id":1459,"href":"https:\/\/kuenstlerbunt-multicolor.com\/index.php?rest_route=\/wp\/v2\/pages\/113\/revisions\/1459"}],"up":[{"embeddable":true,"href":"https:\/\/kuenstlerbunt-multicolor.com\/index.php?rest_route=\/wp\/v2\/pages\/11"}],"wp:attachment":[{"href":"https:\/\/kuenstlerbunt-multicolor.com\/index.php?rest_route=%2Fwp%2Fv2%2Fmedia&parent=113"}],"curies":[{"name":"wp","href":"https:\/\/api.w.org\/{rel}","templated":true}]}}