{"id":11,"date":"2013-11-22T17:22:05","date_gmt":"2013-11-22T17:22:05","guid":{"rendered":"http:\/\/kuenstlerbunt-multicolor.com\/?page_id=11"},"modified":"2026-01-18T20:19:07","modified_gmt":"2026-01-18T20:19:07","slug":"kuenstler","status":"publish","type":"page","link":"https:\/\/kuenstlerbunt-multicolor.com\/?page_id=11","title":{"rendered":"K\u00fcnstler"},"content":{"rendered":"<p>Die Mitglieder von MultiColor und bei Kunstprojekten mitwirkende Gastk\u00fcnstler:<\/p>\n<ul>\n<li><strong><a title=\"Brigitte Altenhof\" href=\"https:\/\/kuenstlerbunt-multicolor.com\/?page_id=185\" rel=\"noopener noreferrer\">Brigitte Altenhof, <\/a><\/strong>Velbert<\/li>\n<li><strong><a href=\"https:\/\/kuenstlerbunt-multicolor.com\/?page_id=1168\" rel=\"noopener noreferrer\">Ulla Bebko<\/a><\/strong>, Hattingen<\/li>\n<li><strong><a title=\"Manja Dessel\" href=\"https:\/\/kuenstlerbunt-multicolor.com\/?page_id=202\" rel=\"noopener noreferrer\">Manja Dessel,<\/a><\/strong> Hattingen<\/li>\n<li><a href=\"https:\/\/kuenstlerbunt-multicolor.com\/?page_id=2105\"><strong>Sigrid Drewer,<\/strong><\/a> Bochum<\/li>\n<li><a href=\"https:\/\/kuenstlerbunt-multicolor.com\/?page_id=1804\" target=\"_blank\" rel=\"noopener\"><strong>Monika Drobeck,<\/strong><\/a> Bochum<\/li>\n<li><a href=\"http:\/\/www.baerbel-kluge.de\"><strong>B\u00e4rbel Kluge<\/strong><\/a>, Hattingen<\/li>\n<li><strong><a href=\"https:\/\/www.seenbytom.com\">Thomas Meinecke<\/a><\/strong>, Wetter<\/li>\n<li><a href=\"https:\/\/kuenstlerbunt-multicolor.com\/?page_id=1885\"><strong>Ina Groethus-Middelhaufe,<\/strong><\/a> Bochum<\/li>\n<li><a href=\"https:\/\/kuenstlerbunt-multicolor.com\/?page_id=2311\"><strong>Holger Minke<\/strong><\/a>, Witten<\/li>\n<li><strong><a href=\"https:\/\/atelier12.de\">Andrea M\u00fcller<\/a><\/strong>, Velbert-Langenberg<\/li>\n<li><a href=\"https:\/\/kuenstlerbunt-multicolor.com\/?page_id=1150\" rel=\"noopener noreferrer\"><strong>Paul Hamme<\/strong>r<\/a>, Oberhausen &#8211; Gastk\u00fcnstler<\/li>\n<li><a href=\"https:\/\/kuenstlerbunt-multicolor.com\/?page_id=1795\"><strong>Karin Hafermalz<\/strong><\/a>, Bochum<\/li>\n<li><strong><a title=\"Silke Hoppe\" href=\"https:\/\/kuenstlerbunt-multicolor.com\/?page_id=132\">Silke Hoppe<\/a><\/strong>, Hattingen (am 15. Dezember 2015 verstorben)<\/li>\n<li><strong><a href=\"https:\/\/kuenstlerbunt-multicolor.com\/?page_id=1069\" rel=\"noopener noreferrer\">Stefan Knab<\/a><\/strong>, Bochum (2022 verstorben)<\/li>\n<li><strong><a title=\"Erika C. Koch\" href=\"https:\/\/kuenstlerbunt-multicolor.com\/?page_id=249\" rel=\"noopener noreferrer\">Erika C. Koch<\/a><\/strong>, Hattingen<\/li>\n<li>Sula Agathi Kolios, Hattingen<\/li>\n<li><strong><a title=\"Ursula Lindner\" href=\"https:\/\/kuenstlerbunt-multicolor.com\/?page_id=168\" rel=\"noopener noreferrer\">Ursula Lindner<\/a><\/strong><a title=\"Ursula Lindner\" href=\"https:\/\/kuenstlerbunt-multicolor.com\/?page_id=168\" target=\"_blank\" rel=\"noopener noreferrer\">,<\/a> Hattingen<\/li>\n<li><strong><a href=\"https:\/\/kuenstlerbunt-multicolor.com\/?page_id=1125\" rel=\"noopener noreferrer\">Andreas Nicolai<\/a>,<\/strong> Hattingen -Gastk\u00fcnstler<\/li>\n<li><a href=\"https:\/\/www.sabineschlemmer.de\"><strong>Sabine Schlemmer<\/strong><\/a>, Hattingen &#8211; Gastk\u00fcnstlerin<strong><br \/>\n<\/strong><\/li>\n<li><strong><a href=\"https:\/\/kuenstlerbunt-multicolor.com\/?page_id=1115\" rel=\"noopener noreferrer\">Hanna Ludwig-Schmidhuber, <\/a><\/strong>Hattingen<\/li>\n<li><strong><a title=\"Resi Schnieber\" href=\"https:\/\/kuenstlerbunt-multicolor.com\/?page_id=43\">Resi Schnieber, <\/a><\/strong>Hattingen<\/li>\n<li><strong><a title=\"Ursula Steinwachs\" href=\"https:\/\/kuenstlerbunt-multicolor.com\/?page_id=81\">Ursula Steinwachs<\/a><\/strong>, Essen<\/li>\n<li><strong><a title=\"Resi Schnieber\" href=\"https:\/\/kuenstlerbunt-multicolor.com\/?page_id=43\">Resi Schnieber, <\/a><\/strong>Hattingen<\/li>\n<li><strong><a title=\"Schorsch Walkenhorst\" href=\"https:\/\/kuenstlerbunt-multicolor.com\/?page_id=242\" rel=\"noopener noreferrer\">Schorsch Walkenhorst,<\/a><\/strong> Sprockh\u00f6vel (bis 2017)<\/li>\n<li><strong><a title=\"Elke Wallace\" href=\"https:\/\/kuenstlerbunt-multicolor.com\/?page_id=103\">Elke Wallace<\/a><\/strong>, Hattingen<\/li>\n<li><a title=\"Heinz Dieter Wallace\" href=\"https:\/\/kuenstlerbunt-multicolor.com\/?page_id=113\"><strong>Heinz-Dieter Wallace<\/strong><\/a>, Hattingen<\/li>\n<li><strong><a title=\"Kayotes Kunstwerkstatt\" href=\"http:\/\/www.kayotes.de\" target=\"_blank\" rel=\"noopener\">K\u00e4the Wissmann,<\/a> <\/strong>Bochum<\/li>\n<\/ul>\n<p>Organisatorische Leitung: <strong><a href=\"mailto:christiane.nicolai@nico-waelzlager.de\">Christiane Nicolai<\/a><\/strong>, Hattingen<\/p>\n","protected":false},"excerpt":{"rendered":"<p>Die Mitglieder von MultiColor und bei Kunstprojekten mitwirkende Gastk\u00fcnstler: Brigitte Altenhof, Velbert Ulla Bebko, Hattingen Manja Dessel, Hattingen Sigrid Drewer, Bochum Monika Drobeck, Bochum B\u00e4rbel Kluge, Hattingen Thomas Meinecke, Wetter Ina Groethus-Middelhaufe, Bochum Holger Minke, Witten Andrea M\u00fcller, Velbert-Langenberg Paul Hammer, Oberhausen &#8211; Gastk\u00fcnstler Karin Hafermalz, Bochum Silke Hoppe, Hattingen (am 15. Dezember 2015 verstorben) &hellip; <a href=\"https:\/\/kuenstlerbunt-multicolor.com\/?page_id=11\" class=\"more-link\"><span class=\"screen-reader-text\">K\u00fcnstler<\/span> weiterlesen <span class=\"meta-nav\">&rarr;<\/span><\/a><\/p>\n","protected":false},"author":1,"featured_media":0,"parent":0,"menu_order":1,"comment_status":"closed","ping_status":"closed","template":"","meta":{"ngg_post_thumbnail":0,"footnotes":""},"class_list":["post-11","page","type-page","status-publish","hentry"],"_links":{"self":[{"href":"https:\/\/kuenstlerbunt-multicolor.com\/index.php?rest_route=\/wp\/v2\/pages\/11","targetHints":{"allow":["GET"]}}],"collection":[{"href":"https:\/\/kuenstlerbunt-multicolor.com\/index.php?rest_route=\/wp\/v2\/pages"}],"about":[{"href":"https:\/\/kuenstlerbunt-multicolor.com\/index.php?rest_route=\/wp\/v2\/types\/page"}],"author":[{"embeddable":true,"href":"https:\/\/kuenstlerbunt-multicolor.com\/index.php?rest_route=\/wp\/v2\/users\/1"}],"replies":[{"embeddable":true,"href":"https:\/\/kuenstlerbunt-multicolor.com\/index.php?rest_route=%2Fwp%2Fv2%2Fcomments&post=11"}],"version-history":[{"count":44,"href":"https:\/\/kuenstlerbunt-multicolor.com\/index.php?rest_route=\/wp\/v2\/pages\/11\/revisions"}],"predecessor-version":[{"id":2323,"href":"https:\/\/kuenstlerbunt-multicolor.com\/index.php?rest_route=\/wp\/v2\/pages\/11\/revisions\/2323"}],"wp:attachment":[{"href":"https:\/\/kuenstlerbunt-multicolor.com\/index.php?rest_route=%2Fwp%2Fv2%2Fmedia&parent=11"}],"curies":[{"name":"wp","href":"https:\/\/api.w.org\/{rel}","templated":true}]}}