{"id":103,"date":"2014-01-04T22:07:33","date_gmt":"2014-01-04T22:07:33","guid":{"rendered":"http:\/\/kuenstlerbunt-multicolor.com\/?page_id=103"},"modified":"2020-06-05T01:59:58","modified_gmt":"2020-06-05T01:59:58","slug":"elke-wallace","status":"publish","type":"page","link":"https:\/\/kuenstlerbunt-multicolor.com\/?page_id=103","title":{"rendered":"Elke Wallace"},"content":{"rendered":"<p>Hattingen<\/p>\n<p><strong>Malerin<a href=\"https:\/\/kuenstlerbunt-multicolor.com\/wp-content\/uploads\/2014\/01\/elke_wallace.jpg\"><img loading=\"lazy\" decoding=\"async\" class=\"size-full wp-image-105 alignleft\" src=\"https:\/\/kuenstlerbunt-multicolor.com\/wp-content\/uploads\/2014\/01\/elke_wallace.jpg\" alt=\"elke_wallace\" width=\"161\" height=\"200\" \/><\/a><\/strong><\/p>\n<p>Vita<\/p>\n<p>geboren in Burscheid, Rheinisch-Bergischer Kreis.<br \/>\nLebt seit 1973 in Hattingen. Nach Beendigung der Berufst\u00e4tigkeit als<br \/>\nDi\u00e4tassistentin fand sie in der \u00d6lmalerei eine Ausdrucksform, die ihr ein weites Bet\u00e4tigungsfeld erschloss.<\/p>\n<ul>\n<li>Seit 1993 regelm\u00e4\u00dfige Teilnahme\u00a0 an VHS-Malkursen bei dem Hattinger Kunstmaler Michael G\u00f6rler. Diverse Ausstellungen mit der VHS-Malklasse.<\/li>\n<\/ul>\n<ul>\n<li>Seit 1998 Mitglied in der Gruppe &#8222;K\u00fcnstlerBunt MultiColor&#8220;.<br \/>\nGruppenausstellungen mit K\u00fcnstlerBunt MultiColor in<br \/>\nHattingen, Schwelm und Ennepetal.<\/li>\n<\/ul>\n<p style=\"text-align: center;\"><a href=\"https:\/\/kuenstlerbunt-multicolor.com\/wp-content\/uploads\/2014\/01\/elkewallace_1.jpg\"><img loading=\"lazy\" decoding=\"async\" class=\"alignright size-full wp-image-106\" src=\"https:\/\/kuenstlerbunt-multicolor.com\/wp-content\/uploads\/2014\/01\/elkewallace_1.jpg\" alt=\"elkewallace_1\" width=\"300\" height=\"225\" \/><\/a><a href=\"https:\/\/kuenstlerbunt-multicolor.com\/wp-content\/uploads\/2014\/01\/hattingen_in_alten_fotos_ew.jpg\"><img loading=\"lazy\" decoding=\"async\" class=\"size-full wp-image-104 aligncenter\" src=\"https:\/\/kuenstlerbunt-multicolor.com\/wp-content\/uploads\/2014\/01\/hattingen_in_alten_fotos_ew.jpg\" alt=\"hattingen_in_alten_fotos_ew\" width=\"162\" height=\"225\" \/><\/a><\/p>\n<p style=\"text-align: center;\">\n<p>Kontakt: <a href=\"mailto:HWallace@t-online.de\">Elke Wallace<\/a><\/p>\n","protected":false},"excerpt":{"rendered":"<p>Hattingen Malerin Vita geboren in Burscheid, Rheinisch-Bergischer Kreis. Lebt seit 1973 in Hattingen. Nach Beendigung der Berufst\u00e4tigkeit als Di\u00e4tassistentin fand sie in der \u00d6lmalerei eine Ausdrucksform, die ihr ein weites Bet\u00e4tigungsfeld erschloss. Seit 1993 regelm\u00e4\u00dfige Teilnahme\u00a0 an VHS-Malkursen bei dem Hattinger Kunstmaler Michael G\u00f6rler. Diverse Ausstellungen mit der VHS-Malklasse. Seit 1998 Mitglied in der Gruppe &hellip; <a href=\"https:\/\/kuenstlerbunt-multicolor.com\/?page_id=103\" class=\"more-link\"><span class=\"screen-reader-text\">Elke Wallace<\/span> weiterlesen <span class=\"meta-nav\">&rarr;<\/span><\/a><\/p>\n","protected":false},"author":1,"featured_media":0,"parent":11,"menu_order":0,"comment_status":"closed","ping_status":"closed","template":"","meta":{"ngg_post_thumbnail":0,"footnotes":""},"class_list":["post-103","page","type-page","status-publish","hentry"],"_links":{"self":[{"href":"https:\/\/kuenstlerbunt-multicolor.com\/index.php?rest_route=\/wp\/v2\/pages\/103","targetHints":{"allow":["GET"]}}],"collection":[{"href":"https:\/\/kuenstlerbunt-multicolor.com\/index.php?rest_route=\/wp\/v2\/pages"}],"about":[{"href":"https:\/\/kuenstlerbunt-multicolor.com\/index.php?rest_route=\/wp\/v2\/types\/page"}],"author":[{"embeddable":true,"href":"https:\/\/kuenstlerbunt-multicolor.com\/index.php?rest_route=\/wp\/v2\/users\/1"}],"replies":[{"embeddable":true,"href":"https:\/\/kuenstlerbunt-multicolor.com\/index.php?rest_route=%2Fwp%2Fv2%2Fcomments&post=103"}],"version-history":[{"count":6,"href":"https:\/\/kuenstlerbunt-multicolor.com\/index.php?rest_route=\/wp\/v2\/pages\/103\/revisions"}],"predecessor-version":[{"id":1457,"href":"https:\/\/kuenstlerbunt-multicolor.com\/index.php?rest_route=\/wp\/v2\/pages\/103\/revisions\/1457"}],"up":[{"embeddable":true,"href":"https:\/\/kuenstlerbunt-multicolor.com\/index.php?rest_route=\/wp\/v2\/pages\/11"}],"wp:attachment":[{"href":"https:\/\/kuenstlerbunt-multicolor.com\/index.php?rest_route=%2Fwp%2Fv2%2Fmedia&parent=103"}],"curies":[{"name":"wp","href":"https:\/\/api.w.org\/{rel}","templated":true}]}}